{"id":22,"date":"2021-10-20T05:14:51","date_gmt":"2021-10-20T05:14:51","guid":{"rendered":"http:\/\/ldziri.si\/?page_id=22"},"modified":"2025-05-03T20:23:00","modified_gmt":"2025-05-03T19:23:00","slug":"contact","status":"publish","type":"page","link":"https:\/\/ldziri.si\/?page_id=22","title":{"rendered":"Kontakti"},"content":{"rendered":"\n<div class=\"wp-block-columns is-layout-flex wp-container-core-columns-is-layout-8f761849 wp-block-columns-is-layout-flex\">\n<div class=\"wp-block-column is-layout-flow wp-block-column-is-layout-flow\">\n<div class=\"wp-block-columns is-layout-flex wp-container-core-columns-is-layout-8f761849 wp-block-columns-is-layout-flex\">\n<div class=\"wp-block-column is-layout-flow wp-block-column-is-layout-flow\" style=\"flex-basis:100%\">\n<p><strong><span style=\"color: #003300;\">LOVSKA DRU\u017dINA \u017dIRI<\/span><\/strong><br \/>Na Studencu 1<br \/>4226 \u017diri<\/p>\n<p><strong><span style=\"color: #003300;\">Dav\u010dna \u0161t.:<\/span><\/strong> 35268166<br \/><strong><span style=\"color: #003300;\">Mati\u010dna \u0161t.:<\/span><\/strong> 5229251000<br \/><strong><span style=\"color: #003300;\">TRR:<\/span> <\/strong>IBAN SI56 0430 2000 0781 610<\/p>\n<p><strong><span style=\"color: #003300;\">STARE\u0160INA<\/span><\/strong><br \/>Marjan Omerzel<br \/>email: <a href=\"mailto:omerzel.marjan@gmail.com\">omerzel.marjan@gmail.com<\/a><\/p>\n<p><strong><span style=\"color: #003300;\">GOSPODAR<\/span><\/strong><br \/>Ferdo Erzno\u017enik<br \/>email: <a href=\"mailto:milan.erznoznik@gmail.com\">ferdo.erznoznik@gmail.com<\/a><\/p>\n<p><strong><span style=\"color: #003300;\">TAJNIK<\/span><\/strong><br \/>Meti Biljali<br \/>email: <a href=\"mailto:janez113@gmail.com\">meti.biljali@gmail.com<\/a><\/p>\n<p><strong><span style=\"color: #003300;\">BLAGAJNIK<\/span><\/strong><br \/>Peter Modic<br \/>email: <a href=\"mailto:meti.biljali@gmail.com\">modic.peter@gmail.com<\/a><\/p>\n<\/div>\n<\/div>\n<\/div>\n\n\n\n<div class=\"wp-block-column is-layout-flow wp-block-column-is-layout-flow\">\n<figure class=\"wp-block-image size-large\"><img loading=\"lazy\" decoding=\"async\" width=\"1024\" height=\"744\" src=\"https:\/\/ldziri.si\/wp-content\/uploads\/2022\/02\/prapor1_1x-e1643908516865-1024x744.jpg\" alt=\"\" class=\"wp-image-372\"\/><\/figure>\n\n\n\n<iframe src=\"https:\/\/www.google.com\/maps\/embed?pb=!1m18!1m12!1m3!1d2769.44942570186!2d14.101884114972886!3d46.042133202715426!2m3!1f0!2f0!3f0!3m2!1i1024!2i768!4f13.1!3m3!1m2!1s0x477adc347c5d4239%3A0x4257614b4f9207d3!2sNa%20Studencu%201%2C%204226%20%C5%BDiri!5e0!3m2!1ssl!2ssi!4v1643910581268!5m2!1ssl!2ssi\" width=\"600\" height=\"450\" style=\"border:0;\" allowfullscreen=\"\" loading=\"lazy\"><\/iframe>\n<\/div>\n<\/div>\n","protected":false},"excerpt":{"rendered":"<p>LOVSKA DRU\u017dINA \u017dIRINa Studencu 14226 \u017diri Dav\u010dna \u0161t.: 35268166Mati\u010dna \u0161t.: 5229251000TRR: IBAN SI56 0430 2000 0781 610 STARE\u0160INAMarjan Omerzelemail: omerzel.marjan@gmail.com GOSPODARFerdo Erzno\u017enikemail: ferdo.erznoznik@gmail.com TAJNIKMeti Biljaliemail: meti.biljali@gmail.com BLAGAJNIKPeter Modicemail: modic.peter@gmail.com<\/p>\n","protected":false},"author":1,"featured_media":0,"parent":0,"menu_order":0,"comment_status":"closed","ping_status":"closed","template":"","meta":{"_crdt_document":"","_kadence_starter_templates_imported_post":false,"_kad_post_transparent":"","_kad_post_title":"","_kad_post_layout":"","_kad_post_sidebar_id":"","_kad_post_content_style":"","_kad_post_vertical_padding":"","_kad_post_feature":"","_kad_post_feature_position":"","_kad_post_header":false,"_kad_post_footer":false,"footnotes":""},"class_list":["post-22","page","type-page","status-publish","hentry"],"yoast_head":"<!-- This site is optimized with the Yoast SEO plugin v27.6 - https:\/\/yoast.com\/product\/yoast-seo-wordpress\/ -->\n<title>Kontakti - Lovska dru\u017eina \u017diri<\/title>\n<meta name=\"robots\" content=\"index, follow, max-snippet:-1, max-image-preview:large, max-video-preview:-1\" \/>\n<link rel=\"canonical\" href=\"https:\/\/ldziri.si\/?page_id=22\" \/>\n<meta property=\"og:locale\" content=\"en_US\" \/>\n<meta property=\"og:type\" content=\"article\" \/>\n<meta property=\"og:title\" content=\"Kontakti - Lovska dru\u017eina \u017diri\" \/>\n<meta property=\"og:description\" content=\"LOVSKA DRU\u017dINA \u017dIRINa Studencu 14226 \u017diri Dav\u010dna \u0161t.: 35268166Mati\u010dna \u0161t.: 5229251000TRR: IBAN SI56 0430 2000 0781 610 STARE\u0160INAMarjan Omerzelemail: omerzel.marjan@gmail.com GOSPODARFerdo Erzno\u017enikemail: ferdo.erznoznik@gmail.com TAJNIKMeti Biljaliemail: meti.biljali@gmail.com BLAGAJNIKPeter Modicemail: modic.peter@gmail.com\" \/>\n<meta property=\"og:url\" content=\"https:\/\/ldziri.si\/?page_id=22\" \/>\n<meta property=\"og:site_name\" content=\"Lovska dru\u017eina \u017diri\" \/>\n<meta property=\"article:modified_time\" content=\"2025-05-03T19:23:00+00:00\" \/>\n<meta property=\"og:image\" content=\"http:\/\/ldziri.si\/wp-content\/uploads\/2022\/02\/prapor1_1x-e1643908516865-1024x744.jpg\" \/>\n<meta name=\"twitter:card\" content=\"summary_large_image\" \/>\n<meta name=\"twitter:label1\" content=\"Est. reading time\" \/>\n\t<meta name=\"twitter:data1\" content=\"1 minute\" \/>\n<script type=\"application\/ld+json\" class=\"yoast-schema-graph\">{\"@context\":\"https:\\\/\\\/schema.org\",\"@graph\":[{\"@type\":\"WebPage\",\"@id\":\"https:\\\/\\\/ldziri.si\\\/?page_id=22\",\"url\":\"https:\\\/\\\/ldziri.si\\\/?page_id=22\",\"name\":\"Kontakti - Lovska dru\u017eina \u017diri\",\"isPartOf\":{\"@id\":\"https:\\\/\\\/ldziri.si\\\/#website\"},\"primaryImageOfPage\":{\"@id\":\"https:\\\/\\\/ldziri.si\\\/?page_id=22#primaryimage\"},\"image\":{\"@id\":\"https:\\\/\\\/ldziri.si\\\/?page_id=22#primaryimage\"},\"thumbnailUrl\":\"http:\\\/\\\/ldziri.si\\\/wp-content\\\/uploads\\\/2022\\\/02\\\/prapor1_1x-e1643908516865-1024x744.jpg\",\"datePublished\":\"2021-10-20T05:14:51+00:00\",\"dateModified\":\"2025-05-03T19:23:00+00:00\",\"breadcrumb\":{\"@id\":\"https:\\\/\\\/ldziri.si\\\/?page_id=22#breadcrumb\"},\"inLanguage\":\"en-US\",\"potentialAction\":[{\"@type\":\"ReadAction\",\"target\":[\"https:\\\/\\\/ldziri.si\\\/?page_id=22\"]}]},{\"@type\":\"ImageObject\",\"inLanguage\":\"en-US\",\"@id\":\"https:\\\/\\\/ldziri.si\\\/?page_id=22#primaryimage\",\"url\":\"http:\\\/\\\/ldziri.si\\\/wp-content\\\/uploads\\\/2022\\\/02\\\/prapor1_1x-e1643908516865-1024x744.jpg\",\"contentUrl\":\"http:\\\/\\\/ldziri.si\\\/wp-content\\\/uploads\\\/2022\\\/02\\\/prapor1_1x-e1643908516865-1024x744.jpg\"},{\"@type\":\"BreadcrumbList\",\"@id\":\"https:\\\/\\\/ldziri.si\\\/?page_id=22#breadcrumb\",\"itemListElement\":[{\"@type\":\"ListItem\",\"position\":1,\"name\":\"Home\",\"item\":\"https:\\\/\\\/ldziri.si\\\/\"},{\"@type\":\"ListItem\",\"position\":2,\"name\":\"Kontakti\"}]},{\"@type\":\"WebSite\",\"@id\":\"https:\\\/\\\/ldziri.si\\\/#website\",\"url\":\"https:\\\/\\\/ldziri.si\\\/\",\"name\":\"Lovska dru\u017eina \u017diri\",\"description\":\"Lovska dru\u017eina \u017diri\",\"publisher\":{\"@id\":\"https:\\\/\\\/ldziri.si\\\/#organization\"},\"potentialAction\":[{\"@type\":\"SearchAction\",\"target\":{\"@type\":\"EntryPoint\",\"urlTemplate\":\"https:\\\/\\\/ldziri.si\\\/?s={search_term_string}\"},\"query-input\":{\"@type\":\"PropertyValueSpecification\",\"valueRequired\":true,\"valueName\":\"search_term_string\"}}],\"inLanguage\":\"en-US\"},{\"@type\":\"Organization\",\"@id\":\"https:\\\/\\\/ldziri.si\\\/#organization\",\"name\":\"Lovska dru\u017eina \u017diri\",\"url\":\"https:\\\/\\\/ldziri.si\\\/\",\"logo\":{\"@type\":\"ImageObject\",\"inLanguage\":\"en-US\",\"@id\":\"https:\\\/\\\/ldziri.si\\\/#\\\/schema\\\/logo\\\/image\\\/\",\"url\":\"https:\\\/\\\/ldziri.si\\\/wp-content\\\/uploads\\\/2021\\\/12\\\/cropped-cropped-LogotipLDZiri.jpg\",\"contentUrl\":\"https:\\\/\\\/ldziri.si\\\/wp-content\\\/uploads\\\/2021\\\/12\\\/cropped-cropped-LogotipLDZiri.jpg\",\"width\":39,\"height\":50,\"caption\":\"Lovska dru\u017eina \u017diri\"},\"image\":{\"@id\":\"https:\\\/\\\/ldziri.si\\\/#\\\/schema\\\/logo\\\/image\\\/\"}}]}<\/script>\n<!-- \/ Yoast SEO plugin. -->","yoast_head_json":{"title":"Kontakti - Lovska dru\u017eina \u017diri","robots":{"index":"index","follow":"follow","max-snippet":"max-snippet:-1","max-image-preview":"max-image-preview:large","max-video-preview":"max-video-preview:-1"},"canonical":"https:\/\/ldziri.si\/?page_id=22","og_locale":"en_US","og_type":"article","og_title":"Kontakti - Lovska dru\u017eina \u017diri","og_description":"LOVSKA DRU\u017dINA \u017dIRINa Studencu 14226 \u017diri Dav\u010dna \u0161t.: 35268166Mati\u010dna \u0161t.: 5229251000TRR: IBAN SI56 0430 2000 0781 610 STARE\u0160INAMarjan Omerzelemail: omerzel.marjan@gmail.com GOSPODARFerdo Erzno\u017enikemail: ferdo.erznoznik@gmail.com TAJNIKMeti Biljaliemail: meti.biljali@gmail.com BLAGAJNIKPeter Modicemail: modic.peter@gmail.com","og_url":"https:\/\/ldziri.si\/?page_id=22","og_site_name":"Lovska dru\u017eina \u017diri","article_modified_time":"2025-05-03T19:23:00+00:00","og_image":[{"url":"http:\/\/ldziri.si\/wp-content\/uploads\/2022\/02\/prapor1_1x-e1643908516865-1024x744.jpg","type":"","width":"","height":""}],"twitter_card":"summary_large_image","twitter_misc":{"Est. reading time":"1 minute"},"schema":{"@context":"https:\/\/schema.org","@graph":[{"@type":"WebPage","@id":"https:\/\/ldziri.si\/?page_id=22","url":"https:\/\/ldziri.si\/?page_id=22","name":"Kontakti - Lovska dru\u017eina \u017diri","isPartOf":{"@id":"https:\/\/ldziri.si\/#website"},"primaryImageOfPage":{"@id":"https:\/\/ldziri.si\/?page_id=22#primaryimage"},"image":{"@id":"https:\/\/ldziri.si\/?page_id=22#primaryimage"},"thumbnailUrl":"http:\/\/ldziri.si\/wp-content\/uploads\/2022\/02\/prapor1_1x-e1643908516865-1024x744.jpg","datePublished":"2021-10-20T05:14:51+00:00","dateModified":"2025-05-03T19:23:00+00:00","breadcrumb":{"@id":"https:\/\/ldziri.si\/?page_id=22#breadcrumb"},"inLanguage":"en-US","potentialAction":[{"@type":"ReadAction","target":["https:\/\/ldziri.si\/?page_id=22"]}]},{"@type":"ImageObject","inLanguage":"en-US","@id":"https:\/\/ldziri.si\/?page_id=22#primaryimage","url":"http:\/\/ldziri.si\/wp-content\/uploads\/2022\/02\/prapor1_1x-e1643908516865-1024x744.jpg","contentUrl":"http:\/\/ldziri.si\/wp-content\/uploads\/2022\/02\/prapor1_1x-e1643908516865-1024x744.jpg"},{"@type":"BreadcrumbList","@id":"https:\/\/ldziri.si\/?page_id=22#breadcrumb","itemListElement":[{"@type":"ListItem","position":1,"name":"Home","item":"https:\/\/ldziri.si\/"},{"@type":"ListItem","position":2,"name":"Kontakti"}]},{"@type":"WebSite","@id":"https:\/\/ldziri.si\/#website","url":"https:\/\/ldziri.si\/","name":"Lovska dru\u017eina \u017diri","description":"Lovska dru\u017eina \u017diri","publisher":{"@id":"https:\/\/ldziri.si\/#organization"},"potentialAction":[{"@type":"SearchAction","target":{"@type":"EntryPoint","urlTemplate":"https:\/\/ldziri.si\/?s={search_term_string}"},"query-input":{"@type":"PropertyValueSpecification","valueRequired":true,"valueName":"search_term_string"}}],"inLanguage":"en-US"},{"@type":"Organization","@id":"https:\/\/ldziri.si\/#organization","name":"Lovska dru\u017eina \u017diri","url":"https:\/\/ldziri.si\/","logo":{"@type":"ImageObject","inLanguage":"en-US","@id":"https:\/\/ldziri.si\/#\/schema\/logo\/image\/","url":"https:\/\/ldziri.si\/wp-content\/uploads\/2021\/12\/cropped-cropped-LogotipLDZiri.jpg","contentUrl":"https:\/\/ldziri.si\/wp-content\/uploads\/2021\/12\/cropped-cropped-LogotipLDZiri.jpg","width":39,"height":50,"caption":"Lovska dru\u017eina \u017diri"},"image":{"@id":"https:\/\/ldziri.si\/#\/schema\/logo\/image\/"}}]}},"_links":{"self":[{"href":"https:\/\/ldziri.si\/index.php?rest_route=\/wp\/v2\/pages\/22","targetHints":{"allow":["GET"]}}],"collection":[{"href":"https:\/\/ldziri.si\/index.php?rest_route=\/wp\/v2\/pages"}],"about":[{"href":"https:\/\/ldziri.si\/index.php?rest_route=\/wp\/v2\/types\/page"}],"author":[{"embeddable":true,"href":"https:\/\/ldziri.si\/index.php?rest_route=\/wp\/v2\/users\/1"}],"replies":[{"embeddable":true,"href":"https:\/\/ldziri.si\/index.php?rest_route=%2Fwp%2Fv2%2Fcomments&post=22"}],"version-history":[{"count":30,"href":"https:\/\/ldziri.si\/index.php?rest_route=\/wp\/v2\/pages\/22\/revisions"}],"predecessor-version":[{"id":1061,"href":"https:\/\/ldziri.si\/index.php?rest_route=\/wp\/v2\/pages\/22\/revisions\/1061"}],"wp:attachment":[{"href":"https:\/\/ldziri.si\/index.php?rest_route=%2Fwp%2Fv2%2Fmedia&parent=22"}],"curies":[{"name":"wp","href":"https:\/\/api.w.org\/{rel}","templated":true}]}}