{"id":391,"date":"2022-02-03T20:36:07","date_gmt":"2022-02-03T19:36:07","guid":{"rendered":"https:\/\/ldziri.si\/?page_id=391"},"modified":"2022-02-03T21:15:21","modified_gmt":"2022-02-03T20:15:21","slug":"povezave","status":"publish","type":"page","link":"https:\/\/ldziri.si\/?page_id=391","title":{"rendered":"Povezave"},"content":{"rendered":"\n<div class=\"wp-block-columns is-layout-flex wp-container-core-columns-is-layout-8f761849 wp-block-columns-is-layout-flex\">\n<div class=\"wp-block-column is-layout-flow wp-block-column-is-layout-flow\" style=\"flex-basis:33.33%\">\n<div class=\"wp-block-image\"><figure class=\"aligncenter size-full\"><a href=\"https:\/\/www.lovska-zveza.si\/\"><img loading=\"lazy\" decoding=\"async\" width=\"434\" height=\"122\" src=\"https:\/\/ldziri.si\/wp-content\/uploads\/2022\/02\/logotipLZS.jpg\" alt=\"\" class=\"wp-image-193\" srcset=\"https:\/\/ldziri.si\/wp-content\/uploads\/2022\/02\/logotipLZS.jpg 434w, https:\/\/ldziri.si\/wp-content\/uploads\/2022\/02\/logotipLZS-300x84.jpg 300w\" sizes=\"auto, (max-width: 434px) 100vw, 434px\" \/><\/a><\/figure><\/div>\n<\/div>\n\n\n\n<div class=\"wp-block-column is-vertically-aligned-center is-layout-flow wp-block-column-is-layout-flow\" style=\"flex-basis:66.66%\">\n<p><strong><a href=\"https:\/\/www.lovska-zveza.si\/\" data-wplink-edit=\"true\">Lovska zveza Slovenije<\/a><\/strong><\/p>\n<\/div>\n<\/div>\n\n\n\n<div class=\"wp-block-columns is-layout-flex wp-container-core-columns-is-layout-8f761849 wp-block-columns-is-layout-flex\">\n<div class=\"wp-block-column is-layout-flow wp-block-column-is-layout-flow\" style=\"flex-basis:33.33%\">\n<div class=\"wp-block-image\"><figure class=\"aligncenter size-full\"><a href=\"http:\/\/www.lkd-gorenjske.si\/LKD%20Gorenjske.html\"><img loading=\"lazy\" decoding=\"async\" width=\"141\" height=\"129\" src=\"https:\/\/ldziri.si\/wp-content\/uploads\/2022\/02\/lovsko-kinolosko-drustvo-gorenjske.jpg\" alt=\"\" class=\"wp-image-400\"\/><\/a><\/figure><\/div>\n<\/div>\n\n\n\n<div class=\"wp-block-column is-vertically-aligned-center is-layout-flow wp-block-column-is-layout-flow\" style=\"flex-basis:66.66%\">\n<p><strong><a href=\"http:\/\/www.lkd-gorenjske.si\/LKD%20Gorenjske.html\" target=\"_blank\" rel=\"noopener\">Lovsko kinolo\u0161ko dru\u0161tvo Gorenjske<\/a><\/strong><\/p>\n<\/div>\n<\/div>\n\n\n\n<div class=\"wp-block-columns is-layout-flex wp-container-core-columns-is-layout-8f761849 wp-block-columns-is-layout-flex\">\n<div class=\"wp-block-column is-layout-flow wp-block-column-is-layout-flow\" style=\"flex-basis:33.33%\">\n<div class=\"wp-block-image\"><figure class=\"aligncenter size-full\"><a href=\"https:\/\/www.ldpoljane.si\/\"><img loading=\"lazy\" decoding=\"async\" width=\"256\" height=\"108\" src=\"https:\/\/ldziri.si\/wp-content\/uploads\/2022\/02\/ld-poljane.jpg\" alt=\"\" class=\"wp-image-403\"\/><\/a><\/figure><\/div>\n<\/div>\n\n\n\n<div class=\"wp-block-column is-vertically-aligned-center is-layout-flow wp-block-column-is-layout-flow\" style=\"flex-basis:66.66%\">\n<p><strong><a href=\"https:\/\/www.ldpoljane.si\/\">Lovska dru\u017eina Poljane<\/a><\/strong><\/p>\n<\/div>\n<\/div>\n","protected":false},"excerpt":{"rendered":"<p>Lovska zveza Slovenije Lovsko kinolo\u0161ko dru\u0161tvo Gorenjske Lovska dru\u017eina Poljane<\/p>\n","protected":false},"author":1,"featured_media":0,"parent":0,"menu_order":0,"comment_status":"closed","ping_status":"closed","template":"","meta":{"_crdt_document":"","_kadence_starter_templates_imported_post":false,"_kad_post_transparent":"","_kad_post_title":"","_kad_post_layout":"","_kad_post_sidebar_id":"","_kad_post_content_style":"","_kad_post_vertical_padding":"","_kad_post_feature":"","_kad_post_feature_position":"","_kad_post_header":false,"_kad_post_footer":false,"footnotes":""},"class_list":["post-391","page","type-page","status-publish","hentry"],"yoast_head":"<!-- This site is optimized with the Yoast SEO plugin v27.6 - https:\/\/yoast.com\/product\/yoast-seo-wordpress\/ -->\n<title>Povezave - Lovska dru\u017eina \u017diri<\/title>\n<meta name=\"robots\" content=\"index, follow, max-snippet:-1, max-image-preview:large, max-video-preview:-1\" \/>\n<link rel=\"canonical\" href=\"https:\/\/ldziri.si\/?page_id=391\" \/>\n<meta property=\"og:locale\" content=\"en_US\" \/>\n<meta property=\"og:type\" content=\"article\" \/>\n<meta property=\"og:title\" content=\"Povezave - Lovska dru\u017eina \u017diri\" \/>\n<meta property=\"og:description\" content=\"Lovska zveza Slovenije Lovsko kinolo\u0161ko dru\u0161tvo Gorenjske Lovska dru\u017eina Poljane\" \/>\n<meta property=\"og:url\" content=\"https:\/\/ldziri.si\/?page_id=391\" \/>\n<meta property=\"og:site_name\" content=\"Lovska dru\u017eina \u017diri\" \/>\n<meta property=\"article:modified_time\" content=\"2022-02-03T20:15:21+00:00\" \/>\n<meta property=\"og:image\" content=\"http:\/\/ldziri.si\/wp-content\/uploads\/2022\/02\/logotipLZS.jpg\" \/>\n<meta name=\"twitter:card\" content=\"summary_large_image\" \/>\n<script type=\"application\/ld+json\" class=\"yoast-schema-graph\">{\"@context\":\"https:\\\/\\\/schema.org\",\"@graph\":[{\"@type\":\"WebPage\",\"@id\":\"https:\\\/\\\/ldziri.si\\\/?page_id=391\",\"url\":\"https:\\\/\\\/ldziri.si\\\/?page_id=391\",\"name\":\"Povezave - Lovska dru\u017eina \u017diri\",\"isPartOf\":{\"@id\":\"https:\\\/\\\/ldziri.si\\\/#website\"},\"primaryImageOfPage\":{\"@id\":\"https:\\\/\\\/ldziri.si\\\/?page_id=391#primaryimage\"},\"image\":{\"@id\":\"https:\\\/\\\/ldziri.si\\\/?page_id=391#primaryimage\"},\"thumbnailUrl\":\"http:\\\/\\\/ldziri.si\\\/wp-content\\\/uploads\\\/2022\\\/02\\\/logotipLZS.jpg\",\"datePublished\":\"2022-02-03T19:36:07+00:00\",\"dateModified\":\"2022-02-03T20:15:21+00:00\",\"breadcrumb\":{\"@id\":\"https:\\\/\\\/ldziri.si\\\/?page_id=391#breadcrumb\"},\"inLanguage\":\"en-US\",\"potentialAction\":[{\"@type\":\"ReadAction\",\"target\":[\"https:\\\/\\\/ldziri.si\\\/?page_id=391\"]}]},{\"@type\":\"ImageObject\",\"inLanguage\":\"en-US\",\"@id\":\"https:\\\/\\\/ldziri.si\\\/?page_id=391#primaryimage\",\"url\":\"http:\\\/\\\/ldziri.si\\\/wp-content\\\/uploads\\\/2022\\\/02\\\/logotipLZS.jpg\",\"contentUrl\":\"http:\\\/\\\/ldziri.si\\\/wp-content\\\/uploads\\\/2022\\\/02\\\/logotipLZS.jpg\"},{\"@type\":\"BreadcrumbList\",\"@id\":\"https:\\\/\\\/ldziri.si\\\/?page_id=391#breadcrumb\",\"itemListElement\":[{\"@type\":\"ListItem\",\"position\":1,\"name\":\"Home\",\"item\":\"https:\\\/\\\/ldziri.si\\\/\"},{\"@type\":\"ListItem\",\"position\":2,\"name\":\"Povezave\"}]},{\"@type\":\"WebSite\",\"@id\":\"https:\\\/\\\/ldziri.si\\\/#website\",\"url\":\"https:\\\/\\\/ldziri.si\\\/\",\"name\":\"Lovska dru\u017eina \u017diri\",\"description\":\"Lovska dru\u017eina \u017diri\",\"publisher\":{\"@id\":\"https:\\\/\\\/ldziri.si\\\/#organization\"},\"potentialAction\":[{\"@type\":\"SearchAction\",\"target\":{\"@type\":\"EntryPoint\",\"urlTemplate\":\"https:\\\/\\\/ldziri.si\\\/?s={search_term_string}\"},\"query-input\":{\"@type\":\"PropertyValueSpecification\",\"valueRequired\":true,\"valueName\":\"search_term_string\"}}],\"inLanguage\":\"en-US\"},{\"@type\":\"Organization\",\"@id\":\"https:\\\/\\\/ldziri.si\\\/#organization\",\"name\":\"Lovska dru\u017eina \u017diri\",\"url\":\"https:\\\/\\\/ldziri.si\\\/\",\"logo\":{\"@type\":\"ImageObject\",\"inLanguage\":\"en-US\",\"@id\":\"https:\\\/\\\/ldziri.si\\\/#\\\/schema\\\/logo\\\/image\\\/\",\"url\":\"https:\\\/\\\/ldziri.si\\\/wp-content\\\/uploads\\\/2021\\\/12\\\/cropped-cropped-LogotipLDZiri.jpg\",\"contentUrl\":\"https:\\\/\\\/ldziri.si\\\/wp-content\\\/uploads\\\/2021\\\/12\\\/cropped-cropped-LogotipLDZiri.jpg\",\"width\":39,\"height\":50,\"caption\":\"Lovska dru\u017eina \u017diri\"},\"image\":{\"@id\":\"https:\\\/\\\/ldziri.si\\\/#\\\/schema\\\/logo\\\/image\\\/\"}}]}<\/script>\n<!-- \/ Yoast SEO plugin. -->","yoast_head_json":{"title":"Povezave - Lovska dru\u017eina \u017diri","robots":{"index":"index","follow":"follow","max-snippet":"max-snippet:-1","max-image-preview":"max-image-preview:large","max-video-preview":"max-video-preview:-1"},"canonical":"https:\/\/ldziri.si\/?page_id=391","og_locale":"en_US","og_type":"article","og_title":"Povezave - Lovska dru\u017eina \u017diri","og_description":"Lovska zveza Slovenije Lovsko kinolo\u0161ko dru\u0161tvo Gorenjske Lovska dru\u017eina Poljane","og_url":"https:\/\/ldziri.si\/?page_id=391","og_site_name":"Lovska dru\u017eina \u017diri","article_modified_time":"2022-02-03T20:15:21+00:00","og_image":[{"url":"http:\/\/ldziri.si\/wp-content\/uploads\/2022\/02\/logotipLZS.jpg","type":"","width":"","height":""}],"twitter_card":"summary_large_image","schema":{"@context":"https:\/\/schema.org","@graph":[{"@type":"WebPage","@id":"https:\/\/ldziri.si\/?page_id=391","url":"https:\/\/ldziri.si\/?page_id=391","name":"Povezave - Lovska dru\u017eina \u017diri","isPartOf":{"@id":"https:\/\/ldziri.si\/#website"},"primaryImageOfPage":{"@id":"https:\/\/ldziri.si\/?page_id=391#primaryimage"},"image":{"@id":"https:\/\/ldziri.si\/?page_id=391#primaryimage"},"thumbnailUrl":"http:\/\/ldziri.si\/wp-content\/uploads\/2022\/02\/logotipLZS.jpg","datePublished":"2022-02-03T19:36:07+00:00","dateModified":"2022-02-03T20:15:21+00:00","breadcrumb":{"@id":"https:\/\/ldziri.si\/?page_id=391#breadcrumb"},"inLanguage":"en-US","potentialAction":[{"@type":"ReadAction","target":["https:\/\/ldziri.si\/?page_id=391"]}]},{"@type":"ImageObject","inLanguage":"en-US","@id":"https:\/\/ldziri.si\/?page_id=391#primaryimage","url":"http:\/\/ldziri.si\/wp-content\/uploads\/2022\/02\/logotipLZS.jpg","contentUrl":"http:\/\/ldziri.si\/wp-content\/uploads\/2022\/02\/logotipLZS.jpg"},{"@type":"BreadcrumbList","@id":"https:\/\/ldziri.si\/?page_id=391#breadcrumb","itemListElement":[{"@type":"ListItem","position":1,"name":"Home","item":"https:\/\/ldziri.si\/"},{"@type":"ListItem","position":2,"name":"Povezave"}]},{"@type":"WebSite","@id":"https:\/\/ldziri.si\/#website","url":"https:\/\/ldziri.si\/","name":"Lovska dru\u017eina \u017diri","description":"Lovska dru\u017eina \u017diri","publisher":{"@id":"https:\/\/ldziri.si\/#organization"},"potentialAction":[{"@type":"SearchAction","target":{"@type":"EntryPoint","urlTemplate":"https:\/\/ldziri.si\/?s={search_term_string}"},"query-input":{"@type":"PropertyValueSpecification","valueRequired":true,"valueName":"search_term_string"}}],"inLanguage":"en-US"},{"@type":"Organization","@id":"https:\/\/ldziri.si\/#organization","name":"Lovska dru\u017eina \u017diri","url":"https:\/\/ldziri.si\/","logo":{"@type":"ImageObject","inLanguage":"en-US","@id":"https:\/\/ldziri.si\/#\/schema\/logo\/image\/","url":"https:\/\/ldziri.si\/wp-content\/uploads\/2021\/12\/cropped-cropped-LogotipLDZiri.jpg","contentUrl":"https:\/\/ldziri.si\/wp-content\/uploads\/2021\/12\/cropped-cropped-LogotipLDZiri.jpg","width":39,"height":50,"caption":"Lovska dru\u017eina \u017diri"},"image":{"@id":"https:\/\/ldziri.si\/#\/schema\/logo\/image\/"}}]}},"_links":{"self":[{"href":"https:\/\/ldziri.si\/index.php?rest_route=\/wp\/v2\/pages\/391","targetHints":{"allow":["GET"]}}],"collection":[{"href":"https:\/\/ldziri.si\/index.php?rest_route=\/wp\/v2\/pages"}],"about":[{"href":"https:\/\/ldziri.si\/index.php?rest_route=\/wp\/v2\/types\/page"}],"author":[{"embeddable":true,"href":"https:\/\/ldziri.si\/index.php?rest_route=\/wp\/v2\/users\/1"}],"replies":[{"embeddable":true,"href":"https:\/\/ldziri.si\/index.php?rest_route=%2Fwp%2Fv2%2Fcomments&post=391"}],"version-history":[{"count":14,"href":"https:\/\/ldziri.si\/index.php?rest_route=\/wp\/v2\/pages\/391\/revisions"}],"predecessor-version":[{"id":417,"href":"https:\/\/ldziri.si\/index.php?rest_route=\/wp\/v2\/pages\/391\/revisions\/417"}],"wp:attachment":[{"href":"https:\/\/ldziri.si\/index.php?rest_route=%2Fwp%2Fv2%2Fmedia&parent=391"}],"curies":[{"name":"wp","href":"https:\/\/api.w.org\/{rel}","templated":true}]}}