{"id":716,"date":"2022-05-28T09:47:23","date_gmt":"2022-05-28T08:47:23","guid":{"rendered":"https:\/\/ldziri.si\/?page_id=716"},"modified":"2022-05-29T14:28:09","modified_gmt":"2022-05-29T13:28:09","slug":"obletnice","status":"publish","type":"page","link":"https:\/\/ldziri.si\/?page_id=716","title":{"rendered":"Galerija &#8211; Obletnice"},"content":{"rendered":"\n<h2 class=\"wp-block-heading\">Obletnice<\/h2>\n\n\n\n<div class=\"wp-block-columns is-layout-flex wp-container-core-columns-is-layout-8f761849 wp-block-columns-is-layout-flex\">\n<div class=\"wp-block-column is-layout-flow wp-block-column-is-layout-flow\">\n<figure class=\"wp-block-image size-large\"><img loading=\"lazy\" decoding=\"async\" width=\"1024\" height=\"696\" src=\"https:\/\/ldziri.si\/wp-content\/uploads\/2022\/05\/1xa_1-1024x696.jpg\" alt=\"Proslava 30 let LD \u017diri\" class=\"wp-image-717\" srcset=\"https:\/\/ldziri.si\/wp-content\/uploads\/2022\/05\/1xa_1-1024x696.jpg 1024w, https:\/\/ldziri.si\/wp-content\/uploads\/2022\/05\/1xa_1-300x204.jpg 300w, https:\/\/ldziri.si\/wp-content\/uploads\/2022\/05\/1xa_1-768x522.jpg 768w, https:\/\/ldziri.si\/wp-content\/uploads\/2022\/05\/1xa_1.jpg 1533w\" sizes=\"auto, (max-width: 1024px) 100vw, 1024px\" \/><figcaption>Proslava 30 let LD \u017diri (1978)<\/figcaption><\/figure>\n<\/div>\n\n\n\n<div class=\"wp-block-column is-layout-flow wp-block-column-is-layout-flow\">\n<figure class=\"wp-block-image size-large\"><img loading=\"lazy\" decoding=\"async\" width=\"1024\" height=\"694\" src=\"https:\/\/ldziri.si\/wp-content\/uploads\/2022\/05\/1xa_2-1024x694.jpg\" alt=\"\" class=\"wp-image-718\" srcset=\"https:\/\/ldziri.si\/wp-content\/uploads\/2022\/05\/1xa_2-1024x694.jpg 1024w, https:\/\/ldziri.si\/wp-content\/uploads\/2022\/05\/1xa_2-300x203.jpg 300w, https:\/\/ldziri.si\/wp-content\/uploads\/2022\/05\/1xa_2-768x520.jpg 768w, https:\/\/ldziri.si\/wp-content\/uploads\/2022\/05\/1xa_2.jpg 1526w\" sizes=\"auto, (max-width: 1024px) 100vw, 1024px\" \/><figcaption>Proslava 30 let LD \u017diri (1978)<\/figcaption><\/figure>\n<\/div>\n<\/div>\n\n\n\n<div class=\"wp-block-columns is-layout-flex wp-container-core-columns-is-layout-8f761849 wp-block-columns-is-layout-flex\">\n<div class=\"wp-block-column is-layout-flow wp-block-column-is-layout-flow\">\n<figure class=\"wp-block-image size-large\"><img loading=\"lazy\" decoding=\"async\" width=\"1024\" height=\"706\" src=\"https:\/\/ldziri.si\/wp-content\/uploads\/2022\/05\/21_2_3x-1024x706.jpg\" alt=\"\" class=\"wp-image-719\" srcset=\"https:\/\/ldziri.si\/wp-content\/uploads\/2022\/05\/21_2_3x-1024x706.jpg 1024w, https:\/\/ldziri.si\/wp-content\/uploads\/2022\/05\/21_2_3x-300x207.jpg 300w, https:\/\/ldziri.si\/wp-content\/uploads\/2022\/05\/21_2_3x-768x529.jpg 768w, https:\/\/ldziri.si\/wp-content\/uploads\/2022\/05\/21_2_3x-1536x1058.jpg 1536w, https:\/\/ldziri.si\/wp-content\/uploads\/2022\/05\/21_2_3x.jpg 1724w\" sizes=\"auto, (max-width: 1024px) 100vw, 1024px\" \/><figcaption>Proslava na dan borca, 1. julij 1989<\/figcaption><\/figure>\n<\/div>\n\n\n\n<div class=\"wp-block-column is-layout-flow wp-block-column-is-layout-flow\">\n<figure class=\"wp-block-image size-large\"><img loading=\"lazy\" decoding=\"async\" width=\"1024\" height=\"632\" src=\"https:\/\/ldziri.si\/wp-content\/uploads\/2022\/05\/21_3-1024x632.jpg\" alt=\"\" class=\"wp-image-720\" srcset=\"https:\/\/ldziri.si\/wp-content\/uploads\/2022\/05\/21_3-1024x632.jpg 1024w, https:\/\/ldziri.si\/wp-content\/uploads\/2022\/05\/21_3-300x185.jpg 300w, https:\/\/ldziri.si\/wp-content\/uploads\/2022\/05\/21_3-768x474.jpg 768w, https:\/\/ldziri.si\/wp-content\/uploads\/2022\/05\/21_3-1536x948.jpg 1536w, https:\/\/ldziri.si\/wp-content\/uploads\/2022\/05\/21_3.jpg 1726w\" sizes=\"auto, (max-width: 1024px) 100vw, 1024px\" \/><figcaption>Proslava na dan borca, 1. julij 1989<\/figcaption><\/figure>\n<\/div>\n<\/div>\n\n\n\n<div class=\"wp-block-columns is-layout-flex wp-container-core-columns-is-layout-8f761849 wp-block-columns-is-layout-flex\">\n<div class=\"wp-block-column is-layout-flow wp-block-column-is-layout-flow\">\n<figure class=\"wp-block-image size-large\"><img loading=\"lazy\" decoding=\"async\" width=\"1024\" height=\"699\" src=\"https:\/\/ldziri.si\/wp-content\/uploads\/2022\/05\/21_1-1024x699.jpg\" alt=\"\" class=\"wp-image-721\" srcset=\"https:\/\/ldziri.si\/wp-content\/uploads\/2022\/05\/21_1-1024x699.jpg 1024w, https:\/\/ldziri.si\/wp-content\/uploads\/2022\/05\/21_1-300x205.jpg 300w, https:\/\/ldziri.si\/wp-content\/uploads\/2022\/05\/21_1-768x524.jpg 768w, https:\/\/ldziri.si\/wp-content\/uploads\/2022\/05\/21_1-1536x1048.jpg 1536w, https:\/\/ldziri.si\/wp-content\/uploads\/2022\/05\/21_1.jpg 1758w\" sizes=\"auto, (max-width: 1024px) 100vw, 1024px\" \/><figcaption>Proslava na dan borca, 1. julij 1989<\/figcaption><\/figure>\n<\/div>\n\n\n\n<div class=\"wp-block-column is-layout-flow wp-block-column-is-layout-flow\">\n<figure class=\"wp-block-image size-large\"><img loading=\"lazy\" decoding=\"async\" width=\"1024\" height=\"687\" src=\"https:\/\/ldziri.si\/wp-content\/uploads\/2022\/05\/22_2-1024x687.jpg\" alt=\"\" class=\"wp-image-722\" srcset=\"https:\/\/ldziri.si\/wp-content\/uploads\/2022\/05\/22_2-1024x687.jpg 1024w, https:\/\/ldziri.si\/wp-content\/uploads\/2022\/05\/22_2-300x201.jpg 300w, https:\/\/ldziri.si\/wp-content\/uploads\/2022\/05\/22_2-768x515.jpg 768w, https:\/\/ldziri.si\/wp-content\/uploads\/2022\/05\/22_2-1536x1030.jpg 1536w, https:\/\/ldziri.si\/wp-content\/uploads\/2022\/05\/22_2.jpg 1756w\" sizes=\"auto, (max-width: 1024px) 100vw, 1024px\" \/><figcaption>Proslava na dan borca, 1. julij 1989<\/figcaption><\/figure>\n<\/div>\n<\/div>\n\n\n\n<div class=\"wp-block-columns is-layout-flex wp-container-core-columns-is-layout-8f761849 wp-block-columns-is-layout-flex\">\n<div class=\"wp-block-column is-layout-flow wp-block-column-is-layout-flow\">\n<figure class=\"wp-block-image size-large\"><img loading=\"lazy\" decoding=\"async\" width=\"1024\" height=\"683\" src=\"https:\/\/ldziri.si\/wp-content\/uploads\/2022\/05\/22_3-1024x683.jpg\" alt=\"\" class=\"wp-image-723\" srcset=\"https:\/\/ldziri.si\/wp-content\/uploads\/2022\/05\/22_3-1024x683.jpg 1024w, https:\/\/ldziri.si\/wp-content\/uploads\/2022\/05\/22_3-300x200.jpg 300w, https:\/\/ldziri.si\/wp-content\/uploads\/2022\/05\/22_3-768x513.jpg 768w, https:\/\/ldziri.si\/wp-content\/uploads\/2022\/05\/22_3-1536x1025.jpg 1536w, https:\/\/ldziri.si\/wp-content\/uploads\/2022\/05\/22_3.jpg 1741w\" sizes=\"auto, (max-width: 1024px) 100vw, 1024px\" \/><figcaption>Proslava na dan borca, 1. julij 1989<\/figcaption><\/figure>\n<\/div>\n\n\n\n<div class=\"wp-block-column is-layout-flow wp-block-column-is-layout-flow\">\n<figure class=\"wp-block-image size-large\"><img loading=\"lazy\" decoding=\"async\" width=\"1024\" height=\"211\" src=\"https:\/\/ldziri.si\/wp-content\/uploads\/2022\/05\/LogotipLDZiri-1024x211.jpg\" alt=\"\" class=\"wp-image-724\" srcset=\"https:\/\/ldziri.si\/wp-content\/uploads\/2022\/05\/LogotipLDZiri-1024x211.jpg 1024w, https:\/\/ldziri.si\/wp-content\/uploads\/2022\/05\/LogotipLDZiri-300x62.jpg 300w, https:\/\/ldziri.si\/wp-content\/uploads\/2022\/05\/LogotipLDZiri-768x158.jpg 768w, https:\/\/ldziri.si\/wp-content\/uploads\/2022\/05\/LogotipLDZiri.jpg 1125w\" sizes=\"auto, (max-width: 1024px) 100vw, 1024px\" \/><figcaption>Proslava 50 let, september 1996<\/figcaption><\/figure>\n<\/div>\n<\/div>\n\n\n\n<div class=\"wp-block-columns is-layout-flex wp-container-core-columns-is-layout-8f761849 wp-block-columns-is-layout-flex\">\n<div class=\"wp-block-column is-layout-flow wp-block-column-is-layout-flow\">\n<figure class=\"wp-block-image size-large\"><img loading=\"lazy\" decoding=\"async\" width=\"1024\" height=\"666\" src=\"https:\/\/ldziri.si\/wp-content\/uploads\/2022\/05\/30_2_6x-1024x666.jpg\" alt=\"\" class=\"wp-image-725\" srcset=\"https:\/\/ldziri.si\/wp-content\/uploads\/2022\/05\/30_2_6x-1024x666.jpg 1024w, https:\/\/ldziri.si\/wp-content\/uploads\/2022\/05\/30_2_6x-300x195.jpg 300w, https:\/\/ldziri.si\/wp-content\/uploads\/2022\/05\/30_2_6x-768x499.jpg 768w, https:\/\/ldziri.si\/wp-content\/uploads\/2022\/05\/30_2_6x-1536x998.jpg 1536w, https:\/\/ldziri.si\/wp-content\/uploads\/2022\/05\/30_2_6x.jpg 1763w\" sizes=\"auto, (max-width: 1024px) 100vw, 1024px\" \/><figcaption>Proslava 60 let LD, 30.9.2006<\/figcaption><\/figure>\n\n\n\n<p class=\"wp-block-paragraph\"><\/p>\n<\/div>\n\n\n\n<div class=\"wp-block-column is-layout-flow wp-block-column-is-layout-flow\">\n<figure class=\"wp-block-image size-full\"><img loading=\"lazy\" decoding=\"async\" width=\"667\" height=\"433\" src=\"https:\/\/ldziri.si\/wp-content\/uploads\/2022\/05\/naslovna_1.jpg\" alt=\"\" class=\"wp-image-730\" srcset=\"https:\/\/ldziri.si\/wp-content\/uploads\/2022\/05\/naslovna_1.jpg 667w, https:\/\/ldziri.si\/wp-content\/uploads\/2022\/05\/naslovna_1-300x195.jpg 300w\" sizes=\"auto, (max-width: 667px) 100vw, 667px\" \/><figcaption>Proslava 70 let LD<\/figcaption><\/figure>\n<\/div>\n<\/div>\n\n\n\n<p class=\"wp-block-paragraph\"><\/p>\n","protected":false},"excerpt":{"rendered":"<p>Obletnice<\/p>\n","protected":false},"author":1,"featured_media":104,"parent":0,"menu_order":0,"comment_status":"closed","ping_status":"closed","template":"","meta":{"_crdt_document":"","_kadence_starter_templates_imported_post":false,"_kad_post_transparent":"","_kad_post_title":"","_kad_post_layout":"","_kad_post_sidebar_id":"","_kad_post_content_style":"","_kad_post_vertical_padding":"","_kad_post_feature":"","_kad_post_feature_position":"","_kad_post_header":false,"_kad_post_footer":false,"footnotes":""},"class_list":["post-716","page","type-page","status-publish","has-post-thumbnail","hentry"],"yoast_head":"<!-- This site is optimized with the Yoast SEO plugin v27.6 - https:\/\/yoast.com\/product\/yoast-seo-wordpress\/ -->\n<title>Galerija - Obletnice - Lovska dru\u017eina \u017diri<\/title>\n<meta name=\"robots\" content=\"index, follow, max-snippet:-1, max-image-preview:large, max-video-preview:-1\" \/>\n<link rel=\"canonical\" href=\"https:\/\/ldziri.si\/?page_id=716\" \/>\n<meta property=\"og:locale\" content=\"en_US\" \/>\n<meta property=\"og:type\" content=\"article\" \/>\n<meta property=\"og:title\" content=\"Galerija - Obletnice - Lovska dru\u017eina \u017diri\" \/>\n<meta property=\"og:description\" content=\"Obletnice\" \/>\n<meta property=\"og:url\" content=\"https:\/\/ldziri.si\/?page_id=716\" \/>\n<meta property=\"og:site_name\" content=\"Lovska dru\u017eina \u017diri\" \/>\n<meta property=\"article:modified_time\" content=\"2022-05-29T13:28:09+00:00\" \/>\n<meta property=\"og:image\" content=\"https:\/\/ldziri.si\/wp-content\/uploads\/2021\/11\/30_2_6x.jpg\" \/>\n\t<meta property=\"og:image:width\" content=\"2438\" \/>\n\t<meta property=\"og:image:height\" content=\"1461\" \/>\n\t<meta property=\"og:image:type\" content=\"image\/jpeg\" \/>\n<meta name=\"twitter:card\" content=\"summary_large_image\" \/>\n<meta name=\"twitter:label1\" content=\"Est. reading time\" \/>\n\t<meta name=\"twitter:data1\" content=\"3 minutes\" \/>\n<script type=\"application\/ld+json\" class=\"yoast-schema-graph\">{\"@context\":\"https:\\\/\\\/schema.org\",\"@graph\":[{\"@type\":\"WebPage\",\"@id\":\"https:\\\/\\\/ldziri.si\\\/?page_id=716\",\"url\":\"https:\\\/\\\/ldziri.si\\\/?page_id=716\",\"name\":\"Galerija - Obletnice - Lovska dru\u017eina \u017diri\",\"isPartOf\":{\"@id\":\"https:\\\/\\\/ldziri.si\\\/#website\"},\"primaryImageOfPage\":{\"@id\":\"https:\\\/\\\/ldziri.si\\\/?page_id=716#primaryimage\"},\"image\":{\"@id\":\"https:\\\/\\\/ldziri.si\\\/?page_id=716#primaryimage\"},\"thumbnailUrl\":\"https:\\\/\\\/ldziri.si\\\/wp-content\\\/uploads\\\/2021\\\/11\\\/30_2_6x.jpg\",\"datePublished\":\"2022-05-28T08:47:23+00:00\",\"dateModified\":\"2022-05-29T13:28:09+00:00\",\"breadcrumb\":{\"@id\":\"https:\\\/\\\/ldziri.si\\\/?page_id=716#breadcrumb\"},\"inLanguage\":\"en-US\",\"potentialAction\":[{\"@type\":\"ReadAction\",\"target\":[\"https:\\\/\\\/ldziri.si\\\/?page_id=716\"]}]},{\"@type\":\"ImageObject\",\"inLanguage\":\"en-US\",\"@id\":\"https:\\\/\\\/ldziri.si\\\/?page_id=716#primaryimage\",\"url\":\"https:\\\/\\\/ldziri.si\\\/wp-content\\\/uploads\\\/2021\\\/11\\\/30_2_6x.jpg\",\"contentUrl\":\"https:\\\/\\\/ldziri.si\\\/wp-content\\\/uploads\\\/2021\\\/11\\\/30_2_6x.jpg\",\"width\":2438,\"height\":1461},{\"@type\":\"BreadcrumbList\",\"@id\":\"https:\\\/\\\/ldziri.si\\\/?page_id=716#breadcrumb\",\"itemListElement\":[{\"@type\":\"ListItem\",\"position\":1,\"name\":\"Home\",\"item\":\"https:\\\/\\\/ldziri.si\\\/\"},{\"@type\":\"ListItem\",\"position\":2,\"name\":\"Galerija &#8211; Obletnice\"}]},{\"@type\":\"WebSite\",\"@id\":\"https:\\\/\\\/ldziri.si\\\/#website\",\"url\":\"https:\\\/\\\/ldziri.si\\\/\",\"name\":\"Lovska dru\u017eina \u017diri\",\"description\":\"Lovska dru\u017eina \u017diri\",\"publisher\":{\"@id\":\"https:\\\/\\\/ldziri.si\\\/#organization\"},\"potentialAction\":[{\"@type\":\"SearchAction\",\"target\":{\"@type\":\"EntryPoint\",\"urlTemplate\":\"https:\\\/\\\/ldziri.si\\\/?s={search_term_string}\"},\"query-input\":{\"@type\":\"PropertyValueSpecification\",\"valueRequired\":true,\"valueName\":\"search_term_string\"}}],\"inLanguage\":\"en-US\"},{\"@type\":\"Organization\",\"@id\":\"https:\\\/\\\/ldziri.si\\\/#organization\",\"name\":\"Lovska dru\u017eina \u017diri\",\"url\":\"https:\\\/\\\/ldziri.si\\\/\",\"logo\":{\"@type\":\"ImageObject\",\"inLanguage\":\"en-US\",\"@id\":\"https:\\\/\\\/ldziri.si\\\/#\\\/schema\\\/logo\\\/image\\\/\",\"url\":\"https:\\\/\\\/ldziri.si\\\/wp-content\\\/uploads\\\/2021\\\/12\\\/cropped-cropped-LogotipLDZiri.jpg\",\"contentUrl\":\"https:\\\/\\\/ldziri.si\\\/wp-content\\\/uploads\\\/2021\\\/12\\\/cropped-cropped-LogotipLDZiri.jpg\",\"width\":39,\"height\":50,\"caption\":\"Lovska dru\u017eina \u017diri\"},\"image\":{\"@id\":\"https:\\\/\\\/ldziri.si\\\/#\\\/schema\\\/logo\\\/image\\\/\"}}]}<\/script>\n<!-- \/ Yoast SEO plugin. -->","yoast_head_json":{"title":"Galerija - Obletnice - Lovska dru\u017eina \u017diri","robots":{"index":"index","follow":"follow","max-snippet":"max-snippet:-1","max-image-preview":"max-image-preview:large","max-video-preview":"max-video-preview:-1"},"canonical":"https:\/\/ldziri.si\/?page_id=716","og_locale":"en_US","og_type":"article","og_title":"Galerija - Obletnice - Lovska dru\u017eina \u017diri","og_description":"Obletnice","og_url":"https:\/\/ldziri.si\/?page_id=716","og_site_name":"Lovska dru\u017eina \u017diri","article_modified_time":"2022-05-29T13:28:09+00:00","og_image":[{"width":2438,"height":1461,"url":"https:\/\/ldziri.si\/wp-content\/uploads\/2021\/11\/30_2_6x.jpg","type":"image\/jpeg"}],"twitter_card":"summary_large_image","twitter_misc":{"Est. reading time":"3 minutes"},"schema":{"@context":"https:\/\/schema.org","@graph":[{"@type":"WebPage","@id":"https:\/\/ldziri.si\/?page_id=716","url":"https:\/\/ldziri.si\/?page_id=716","name":"Galerija - Obletnice - Lovska dru\u017eina \u017diri","isPartOf":{"@id":"https:\/\/ldziri.si\/#website"},"primaryImageOfPage":{"@id":"https:\/\/ldziri.si\/?page_id=716#primaryimage"},"image":{"@id":"https:\/\/ldziri.si\/?page_id=716#primaryimage"},"thumbnailUrl":"https:\/\/ldziri.si\/wp-content\/uploads\/2021\/11\/30_2_6x.jpg","datePublished":"2022-05-28T08:47:23+00:00","dateModified":"2022-05-29T13:28:09+00:00","breadcrumb":{"@id":"https:\/\/ldziri.si\/?page_id=716#breadcrumb"},"inLanguage":"en-US","potentialAction":[{"@type":"ReadAction","target":["https:\/\/ldziri.si\/?page_id=716"]}]},{"@type":"ImageObject","inLanguage":"en-US","@id":"https:\/\/ldziri.si\/?page_id=716#primaryimage","url":"https:\/\/ldziri.si\/wp-content\/uploads\/2021\/11\/30_2_6x.jpg","contentUrl":"https:\/\/ldziri.si\/wp-content\/uploads\/2021\/11\/30_2_6x.jpg","width":2438,"height":1461},{"@type":"BreadcrumbList","@id":"https:\/\/ldziri.si\/?page_id=716#breadcrumb","itemListElement":[{"@type":"ListItem","position":1,"name":"Home","item":"https:\/\/ldziri.si\/"},{"@type":"ListItem","position":2,"name":"Galerija &#8211; Obletnice"}]},{"@type":"WebSite","@id":"https:\/\/ldziri.si\/#website","url":"https:\/\/ldziri.si\/","name":"Lovska dru\u017eina \u017diri","description":"Lovska dru\u017eina \u017diri","publisher":{"@id":"https:\/\/ldziri.si\/#organization"},"potentialAction":[{"@type":"SearchAction","target":{"@type":"EntryPoint","urlTemplate":"https:\/\/ldziri.si\/?s={search_term_string}"},"query-input":{"@type":"PropertyValueSpecification","valueRequired":true,"valueName":"search_term_string"}}],"inLanguage":"en-US"},{"@type":"Organization","@id":"https:\/\/ldziri.si\/#organization","name":"Lovska dru\u017eina \u017diri","url":"https:\/\/ldziri.si\/","logo":{"@type":"ImageObject","inLanguage":"en-US","@id":"https:\/\/ldziri.si\/#\/schema\/logo\/image\/","url":"https:\/\/ldziri.si\/wp-content\/uploads\/2021\/12\/cropped-cropped-LogotipLDZiri.jpg","contentUrl":"https:\/\/ldziri.si\/wp-content\/uploads\/2021\/12\/cropped-cropped-LogotipLDZiri.jpg","width":39,"height":50,"caption":"Lovska dru\u017eina \u017diri"},"image":{"@id":"https:\/\/ldziri.si\/#\/schema\/logo\/image\/"}}]}},"_links":{"self":[{"href":"https:\/\/ldziri.si\/index.php?rest_route=\/wp\/v2\/pages\/716","targetHints":{"allow":["GET"]}}],"collection":[{"href":"https:\/\/ldziri.si\/index.php?rest_route=\/wp\/v2\/pages"}],"about":[{"href":"https:\/\/ldziri.si\/index.php?rest_route=\/wp\/v2\/types\/page"}],"author":[{"embeddable":true,"href":"https:\/\/ldziri.si\/index.php?rest_route=\/wp\/v2\/users\/1"}],"replies":[{"embeddable":true,"href":"https:\/\/ldziri.si\/index.php?rest_route=%2Fwp%2Fv2%2Fcomments&post=716"}],"version-history":[{"count":3,"href":"https:\/\/ldziri.si\/index.php?rest_route=\/wp\/v2\/pages\/716\/revisions"}],"predecessor-version":[{"id":797,"href":"https:\/\/ldziri.si\/index.php?rest_route=\/wp\/v2\/pages\/716\/revisions\/797"}],"wp:featuredmedia":[{"embeddable":true,"href":"https:\/\/ldziri.si\/index.php?rest_route=\/wp\/v2\/media\/104"}],"wp:attachment":[{"href":"https:\/\/ldziri.si\/index.php?rest_route=%2Fwp%2Fv2%2Fmedia&parent=716"}],"curies":[{"name":"wp","href":"https:\/\/api.w.org\/{rel}","templated":true}]}}