{"id":806,"date":"2022-05-29T14:42:43","date_gmt":"2022-05-29T13:42:43","guid":{"rendered":"https:\/\/ldziri.si\/?page_id=806"},"modified":"2022-05-29T14:42:43","modified_gmt":"2022-05-29T13:42:43","slug":"galerija-lov","status":"publish","type":"page","link":"https:\/\/ldziri.si\/?page_id=806","title":{"rendered":"Galerija &#8211; Lov"},"content":{"rendered":"\n<h2 class=\"wp-block-heading\">Lov<\/h2>\n\n\n\n<div class=\"wp-block-columns is-layout-flex wp-container-core-columns-is-layout-8f761849 wp-block-columns-is-layout-flex\">\n<div class=\"wp-block-column is-layout-flow wp-block-column-is-layout-flow\">\n<figure class=\"wp-block-image size-large\"><img loading=\"lazy\" decoding=\"async\" width=\"1024\" height=\"769\" src=\"https:\/\/ldziri.si\/wp-content\/uploads\/2022\/05\/28_2-1024x769.jpg\" alt=\"\" class=\"wp-image-807\" srcset=\"https:\/\/ldziri.si\/wp-content\/uploads\/2022\/05\/28_2-1024x769.jpg 1024w, https:\/\/ldziri.si\/wp-content\/uploads\/2022\/05\/28_2-300x225.jpg 300w, https:\/\/ldziri.si\/wp-content\/uploads\/2022\/05\/28_2-768x577.jpg 768w, https:\/\/ldziri.si\/wp-content\/uploads\/2022\/05\/28_2-1536x1154.jpg 1536w, https:\/\/ldziri.si\/wp-content\/uploads\/2022\/05\/28_2.jpg 1559w\" sizes=\"auto, (max-width: 1024px) 100vw, 1024px\" \/><figcaption>Trofeja, 2007<\/figcaption><\/figure>\n<\/div>\n\n\n\n<div class=\"wp-block-column is-layout-flow wp-block-column-is-layout-flow\">\n<figure class=\"wp-block-image size-large\"><img loading=\"lazy\" decoding=\"async\" width=\"1024\" height=\"778\" src=\"https:\/\/ldziri.si\/wp-content\/uploads\/2022\/05\/30_1-1024x778.jpg\" alt=\"\" class=\"wp-image-808\" srcset=\"https:\/\/ldziri.si\/wp-content\/uploads\/2022\/05\/30_1-1024x778.jpg 1024w, https:\/\/ldziri.si\/wp-content\/uploads\/2022\/05\/30_1-300x228.jpg 300w, https:\/\/ldziri.si\/wp-content\/uploads\/2022\/05\/30_1-768x583.jpg 768w, https:\/\/ldziri.si\/wp-content\/uploads\/2022\/05\/30_1-1536x1167.jpg 1536w, https:\/\/ldziri.si\/wp-content\/uploads\/2022\/05\/30_1.jpg 1552w\" sizes=\"auto, (max-width: 1024px) 100vw, 1024px\" \/><figcaption>Koprivnik, 2008<\/figcaption><\/figure>\n<\/div>\n<\/div>\n\n\n\n<div class=\"wp-block-columns is-layout-flex wp-container-core-columns-is-layout-8f761849 wp-block-columns-is-layout-flex\">\n<div class=\"wp-block-column is-layout-flow wp-block-column-is-layout-flow\">\n<figure class=\"wp-block-image size-large\"><img loading=\"lazy\" decoding=\"async\" width=\"1024\" height=\"767\" src=\"https:\/\/ldziri.si\/wp-content\/uploads\/2022\/05\/brakada_ld_sovodenj_koprivnik_22x-1024x767.jpg\" alt=\"\" class=\"wp-image-809\" srcset=\"https:\/\/ldziri.si\/wp-content\/uploads\/2022\/05\/brakada_ld_sovodenj_koprivnik_22x-1024x767.jpg 1024w, https:\/\/ldziri.si\/wp-content\/uploads\/2022\/05\/brakada_ld_sovodenj_koprivnik_22x-300x225.jpg 300w, https:\/\/ldziri.si\/wp-content\/uploads\/2022\/05\/brakada_ld_sovodenj_koprivnik_22x-768x575.jpg 768w, https:\/\/ldziri.si\/wp-content\/uploads\/2022\/05\/brakada_ld_sovodenj_koprivnik_22x-1536x1150.jpg 1536w, https:\/\/ldziri.si\/wp-content\/uploads\/2022\/05\/brakada_ld_sovodenj_koprivnik_22x.jpg 1584w\" sizes=\"auto, (max-width: 1024px) 100vw, 1024px\" \/><figcaption>Koprivnik, 2008<\/figcaption><\/figure>\n<\/div>\n\n\n\n<div class=\"wp-block-column is-layout-flow wp-block-column-is-layout-flow\">\n<figure class=\"wp-block-image size-large\"><img loading=\"lazy\" decoding=\"async\" width=\"1024\" height=\"680\" src=\"https:\/\/ldziri.si\/wp-content\/uploads\/2022\/05\/38_3-1024x680.jpg\" alt=\"\" class=\"wp-image-810\" srcset=\"https:\/\/ldziri.si\/wp-content\/uploads\/2022\/05\/38_3-1024x680.jpg 1024w, https:\/\/ldziri.si\/wp-content\/uploads\/2022\/05\/38_3-300x199.jpg 300w, https:\/\/ldziri.si\/wp-content\/uploads\/2022\/05\/38_3-768x510.jpg 768w, https:\/\/ldziri.si\/wp-content\/uploads\/2022\/05\/38_3-1536x1021.jpg 1536w, https:\/\/ldziri.si\/wp-content\/uploads\/2022\/05\/38_3.jpg 1574w\" sizes=\"auto, (max-width: 1024px) 100vw, 1024px\" \/><figcaption>Jar\u010dja dolina, 2018<\/figcaption><\/figure>\n<\/div>\n<\/div>\n\n\n\n<div class=\"wp-block-columns is-layout-flex wp-container-core-columns-is-layout-8f761849 wp-block-columns-is-layout-flex\">\n<div class=\"wp-block-column is-layout-flow wp-block-column-is-layout-flow\">\n<figure class=\"wp-block-image size-large\"><img loading=\"lazy\" decoding=\"async\" width=\"1024\" height=\"758\" src=\"https:\/\/ldziri.si\/wp-content\/uploads\/2022\/05\/38_1_15x-1024x758.jpg\" alt=\"\" class=\"wp-image-811\" srcset=\"https:\/\/ldziri.si\/wp-content\/uploads\/2022\/05\/38_1_15x-1024x758.jpg 1024w, https:\/\/ldziri.si\/wp-content\/uploads\/2022\/05\/38_1_15x-300x222.jpg 300w, https:\/\/ldziri.si\/wp-content\/uploads\/2022\/05\/38_1_15x-768x568.jpg 768w, https:\/\/ldziri.si\/wp-content\/uploads\/2022\/05\/38_1_15x-1536x1137.jpg 1536w, https:\/\/ldziri.si\/wp-content\/uploads\/2022\/05\/38_1_15x.jpg 1592w\" sizes=\"auto, (max-width: 1024px) 100vw, 1024px\" \/><figcaption>Ko\u010devje, 2018<\/figcaption><\/figure>\n<\/div>\n\n\n\n<div class=\"wp-block-column is-layout-flow wp-block-column-is-layout-flow\">\n<figure class=\"wp-block-image size-large\"><img loading=\"lazy\" decoding=\"async\" width=\"1024\" height=\"761\" src=\"https:\/\/ldziri.si\/wp-content\/uploads\/2022\/05\/38_2-1024x761.jpg\" alt=\"\" class=\"wp-image-812\" srcset=\"https:\/\/ldziri.si\/wp-content\/uploads\/2022\/05\/38_2-1024x761.jpg 1024w, https:\/\/ldziri.si\/wp-content\/uploads\/2022\/05\/38_2-300x223.jpg 300w, https:\/\/ldziri.si\/wp-content\/uploads\/2022\/05\/38_2-768x571.jpg 768w, https:\/\/ldziri.si\/wp-content\/uploads\/2022\/05\/38_2-1536x1142.jpg 1536w, https:\/\/ldziri.si\/wp-content\/uploads\/2022\/05\/38_2.jpg 1586w\" sizes=\"auto, (max-width: 1024px) 100vw, 1024px\" \/><figcaption>Ko\u010devje, 2018<\/figcaption><\/figure>\n<\/div>\n<\/div>\n\n\n\n<div class=\"wp-block-columns is-layout-flex wp-container-core-columns-is-layout-8f761849 wp-block-columns-is-layout-flex\">\n<div class=\"wp-block-column is-layout-flow wp-block-column-is-layout-flow\">\n<figure class=\"wp-block-image size-full\"><img loading=\"lazy\" decoding=\"async\" width=\"609\" height=\"429\" src=\"https:\/\/ldziri.si\/wp-content\/uploads\/2022\/05\/slika3.jpg\" alt=\"\" class=\"wp-image-775\" srcset=\"https:\/\/ldziri.si\/wp-content\/uploads\/2022\/05\/slika3.jpg 609w, https:\/\/ldziri.si\/wp-content\/uploads\/2022\/05\/slika3-300x211.jpg 300w\" sizes=\"auto, (max-width: 609px) 100vw, 609px\" \/><figcaption>Ko\u010devje, 2021<\/figcaption><\/figure>\n<\/div>\n\n\n\n<div class=\"wp-block-column is-layout-flow wp-block-column-is-layout-flow\"><\/div>\n<\/div>\n","protected":false},"excerpt":{"rendered":"<p>Lov<\/p>\n","protected":false},"author":1,"featured_media":0,"parent":0,"menu_order":0,"comment_status":"closed","ping_status":"closed","template":"","meta":{"_crdt_document":"","_kadence_starter_templates_imported_post":false,"_kad_post_transparent":"","_kad_post_title":"","_kad_post_layout":"","_kad_post_sidebar_id":"","_kad_post_content_style":"","_kad_post_vertical_padding":"","_kad_post_feature":"","_kad_post_feature_position":"","_kad_post_header":false,"_kad_post_footer":false,"footnotes":""},"class_list":["post-806","page","type-page","status-publish","hentry"],"yoast_head":"<!-- This site is optimized with the Yoast SEO plugin v27.6 - https:\/\/yoast.com\/product\/yoast-seo-wordpress\/ -->\n<title>Galerija - Lov - Lovska dru\u017eina \u017diri<\/title>\n<meta name=\"robots\" content=\"index, follow, max-snippet:-1, max-image-preview:large, max-video-preview:-1\" \/>\n<link rel=\"canonical\" href=\"https:\/\/ldziri.si\/?page_id=806\" \/>\n<meta property=\"og:locale\" content=\"en_US\" \/>\n<meta property=\"og:type\" content=\"article\" \/>\n<meta property=\"og:title\" content=\"Galerija - Lov - Lovska dru\u017eina \u017diri\" \/>\n<meta property=\"og:description\" content=\"Lov\" \/>\n<meta property=\"og:url\" content=\"https:\/\/ldziri.si\/?page_id=806\" \/>\n<meta property=\"og:site_name\" content=\"Lovska dru\u017eina \u017diri\" \/>\n<meta property=\"og:image\" content=\"https:\/\/ldziri.si\/wp-content\/uploads\/2022\/05\/28_2-1024x769.jpg\" \/>\n<meta name=\"twitter:card\" content=\"summary_large_image\" \/>\n<meta name=\"twitter:label1\" content=\"Est. reading time\" \/>\n\t<meta name=\"twitter:data1\" content=\"2 minutes\" \/>\n<script type=\"application\/ld+json\" class=\"yoast-schema-graph\">{\"@context\":\"https:\\\/\\\/schema.org\",\"@graph\":[{\"@type\":\"WebPage\",\"@id\":\"https:\\\/\\\/ldziri.si\\\/?page_id=806\",\"url\":\"https:\\\/\\\/ldziri.si\\\/?page_id=806\",\"name\":\"Galerija - Lov - Lovska dru\u017eina \u017diri\",\"isPartOf\":{\"@id\":\"https:\\\/\\\/ldziri.si\\\/#website\"},\"primaryImageOfPage\":{\"@id\":\"https:\\\/\\\/ldziri.si\\\/?page_id=806#primaryimage\"},\"image\":{\"@id\":\"https:\\\/\\\/ldziri.si\\\/?page_id=806#primaryimage\"},\"thumbnailUrl\":\"https:\\\/\\\/ldziri.si\\\/wp-content\\\/uploads\\\/2022\\\/05\\\/28_2-1024x769.jpg\",\"datePublished\":\"2022-05-29T13:42:43+00:00\",\"breadcrumb\":{\"@id\":\"https:\\\/\\\/ldziri.si\\\/?page_id=806#breadcrumb\"},\"inLanguage\":\"en-US\",\"potentialAction\":[{\"@type\":\"ReadAction\",\"target\":[\"https:\\\/\\\/ldziri.si\\\/?page_id=806\"]}]},{\"@type\":\"ImageObject\",\"inLanguage\":\"en-US\",\"@id\":\"https:\\\/\\\/ldziri.si\\\/?page_id=806#primaryimage\",\"url\":\"https:\\\/\\\/ldziri.si\\\/wp-content\\\/uploads\\\/2022\\\/05\\\/28_2.jpg\",\"contentUrl\":\"https:\\\/\\\/ldziri.si\\\/wp-content\\\/uploads\\\/2022\\\/05\\\/28_2.jpg\",\"width\":1559,\"height\":1171},{\"@type\":\"BreadcrumbList\",\"@id\":\"https:\\\/\\\/ldziri.si\\\/?page_id=806#breadcrumb\",\"itemListElement\":[{\"@type\":\"ListItem\",\"position\":1,\"name\":\"Home\",\"item\":\"https:\\\/\\\/ldziri.si\\\/\"},{\"@type\":\"ListItem\",\"position\":2,\"name\":\"Galerija &#8211; Lov\"}]},{\"@type\":\"WebSite\",\"@id\":\"https:\\\/\\\/ldziri.si\\\/#website\",\"url\":\"https:\\\/\\\/ldziri.si\\\/\",\"name\":\"Lovska dru\u017eina \u017diri\",\"description\":\"Lovska dru\u017eina \u017diri\",\"publisher\":{\"@id\":\"https:\\\/\\\/ldziri.si\\\/#organization\"},\"potentialAction\":[{\"@type\":\"SearchAction\",\"target\":{\"@type\":\"EntryPoint\",\"urlTemplate\":\"https:\\\/\\\/ldziri.si\\\/?s={search_term_string}\"},\"query-input\":{\"@type\":\"PropertyValueSpecification\",\"valueRequired\":true,\"valueName\":\"search_term_string\"}}],\"inLanguage\":\"en-US\"},{\"@type\":\"Organization\",\"@id\":\"https:\\\/\\\/ldziri.si\\\/#organization\",\"name\":\"Lovska dru\u017eina \u017diri\",\"url\":\"https:\\\/\\\/ldziri.si\\\/\",\"logo\":{\"@type\":\"ImageObject\",\"inLanguage\":\"en-US\",\"@id\":\"https:\\\/\\\/ldziri.si\\\/#\\\/schema\\\/logo\\\/image\\\/\",\"url\":\"https:\\\/\\\/ldziri.si\\\/wp-content\\\/uploads\\\/2021\\\/12\\\/cropped-cropped-LogotipLDZiri.jpg\",\"contentUrl\":\"https:\\\/\\\/ldziri.si\\\/wp-content\\\/uploads\\\/2021\\\/12\\\/cropped-cropped-LogotipLDZiri.jpg\",\"width\":39,\"height\":50,\"caption\":\"Lovska dru\u017eina \u017diri\"},\"image\":{\"@id\":\"https:\\\/\\\/ldziri.si\\\/#\\\/schema\\\/logo\\\/image\\\/\"}}]}<\/script>\n<!-- \/ Yoast SEO plugin. -->","yoast_head_json":{"title":"Galerija - Lov - Lovska dru\u017eina \u017diri","robots":{"index":"index","follow":"follow","max-snippet":"max-snippet:-1","max-image-preview":"max-image-preview:large","max-video-preview":"max-video-preview:-1"},"canonical":"https:\/\/ldziri.si\/?page_id=806","og_locale":"en_US","og_type":"article","og_title":"Galerija - Lov - Lovska dru\u017eina \u017diri","og_description":"Lov","og_url":"https:\/\/ldziri.si\/?page_id=806","og_site_name":"Lovska dru\u017eina \u017diri","og_image":[{"url":"https:\/\/ldziri.si\/wp-content\/uploads\/2022\/05\/28_2-1024x769.jpg","type":"","width":"","height":""}],"twitter_card":"summary_large_image","twitter_misc":{"Est. reading time":"2 minutes"},"schema":{"@context":"https:\/\/schema.org","@graph":[{"@type":"WebPage","@id":"https:\/\/ldziri.si\/?page_id=806","url":"https:\/\/ldziri.si\/?page_id=806","name":"Galerija - Lov - Lovska dru\u017eina \u017diri","isPartOf":{"@id":"https:\/\/ldziri.si\/#website"},"primaryImageOfPage":{"@id":"https:\/\/ldziri.si\/?page_id=806#primaryimage"},"image":{"@id":"https:\/\/ldziri.si\/?page_id=806#primaryimage"},"thumbnailUrl":"https:\/\/ldziri.si\/wp-content\/uploads\/2022\/05\/28_2-1024x769.jpg","datePublished":"2022-05-29T13:42:43+00:00","breadcrumb":{"@id":"https:\/\/ldziri.si\/?page_id=806#breadcrumb"},"inLanguage":"en-US","potentialAction":[{"@type":"ReadAction","target":["https:\/\/ldziri.si\/?page_id=806"]}]},{"@type":"ImageObject","inLanguage":"en-US","@id":"https:\/\/ldziri.si\/?page_id=806#primaryimage","url":"https:\/\/ldziri.si\/wp-content\/uploads\/2022\/05\/28_2.jpg","contentUrl":"https:\/\/ldziri.si\/wp-content\/uploads\/2022\/05\/28_2.jpg","width":1559,"height":1171},{"@type":"BreadcrumbList","@id":"https:\/\/ldziri.si\/?page_id=806#breadcrumb","itemListElement":[{"@type":"ListItem","position":1,"name":"Home","item":"https:\/\/ldziri.si\/"},{"@type":"ListItem","position":2,"name":"Galerija &#8211; Lov"}]},{"@type":"WebSite","@id":"https:\/\/ldziri.si\/#website","url":"https:\/\/ldziri.si\/","name":"Lovska dru\u017eina \u017diri","description":"Lovska dru\u017eina \u017diri","publisher":{"@id":"https:\/\/ldziri.si\/#organization"},"potentialAction":[{"@type":"SearchAction","target":{"@type":"EntryPoint","urlTemplate":"https:\/\/ldziri.si\/?s={search_term_string}"},"query-input":{"@type":"PropertyValueSpecification","valueRequired":true,"valueName":"search_term_string"}}],"inLanguage":"en-US"},{"@type":"Organization","@id":"https:\/\/ldziri.si\/#organization","name":"Lovska dru\u017eina \u017diri","url":"https:\/\/ldziri.si\/","logo":{"@type":"ImageObject","inLanguage":"en-US","@id":"https:\/\/ldziri.si\/#\/schema\/logo\/image\/","url":"https:\/\/ldziri.si\/wp-content\/uploads\/2021\/12\/cropped-cropped-LogotipLDZiri.jpg","contentUrl":"https:\/\/ldziri.si\/wp-content\/uploads\/2021\/12\/cropped-cropped-LogotipLDZiri.jpg","width":39,"height":50,"caption":"Lovska dru\u017eina \u017diri"},"image":{"@id":"https:\/\/ldziri.si\/#\/schema\/logo\/image\/"}}]}},"_links":{"self":[{"href":"https:\/\/ldziri.si\/index.php?rest_route=\/wp\/v2\/pages\/806","targetHints":{"allow":["GET"]}}],"collection":[{"href":"https:\/\/ldziri.si\/index.php?rest_route=\/wp\/v2\/pages"}],"about":[{"href":"https:\/\/ldziri.si\/index.php?rest_route=\/wp\/v2\/types\/page"}],"author":[{"embeddable":true,"href":"https:\/\/ldziri.si\/index.php?rest_route=\/wp\/v2\/users\/1"}],"replies":[{"embeddable":true,"href":"https:\/\/ldziri.si\/index.php?rest_route=%2Fwp%2Fv2%2Fcomments&post=806"}],"version-history":[{"count":1,"href":"https:\/\/ldziri.si\/index.php?rest_route=\/wp\/v2\/pages\/806\/revisions"}],"predecessor-version":[{"id":814,"href":"https:\/\/ldziri.si\/index.php?rest_route=\/wp\/v2\/pages\/806\/revisions\/814"}],"wp:attachment":[{"href":"https:\/\/ldziri.si\/index.php?rest_route=%2Fwp%2Fv2%2Fmedia&parent=806"}],"curies":[{"name":"wp","href":"https:\/\/api.w.org\/{rel}","templated":true}]}}