{"id":816,"date":"2022-05-29T14:51:29","date_gmt":"2022-05-29T13:51:29","guid":{"rendered":"https:\/\/ldziri.si\/?page_id=816"},"modified":"2022-05-29T14:51:30","modified_gmt":"2022-05-29T13:51:30","slug":"galerija-kinologija","status":"publish","type":"page","link":"https:\/\/ldziri.si\/?page_id=816","title":{"rendered":"Galerija &#8211; Kinologija"},"content":{"rendered":"\n<h2 class=\"wp-block-heading\">Kinologija<\/h2>\n\n\n\n<div class=\"wp-block-columns is-layout-flex wp-container-core-columns-is-layout-8f761849 wp-block-columns-is-layout-flex\">\n<div class=\"wp-block-column is-layout-flow wp-block-column-is-layout-flow\">\n<figure class=\"wp-block-image size-large\"><img loading=\"lazy\" decoding=\"async\" width=\"1024\" height=\"678\" src=\"https:\/\/ldziri.si\/wp-content\/uploads\/2022\/05\/27_2-1024x678.jpg\" alt=\"\" class=\"wp-image-817\" srcset=\"https:\/\/ldziri.si\/wp-content\/uploads\/2022\/05\/27_2-1024x678.jpg 1024w, https:\/\/ldziri.si\/wp-content\/uploads\/2022\/05\/27_2-300x199.jpg 300w, https:\/\/ldziri.si\/wp-content\/uploads\/2022\/05\/27_2-768x508.jpg 768w, https:\/\/ldziri.si\/wp-content\/uploads\/2022\/05\/27_2-1536x1017.jpg 1536w, https:\/\/ldziri.si\/wp-content\/uploads\/2022\/05\/27_2.jpg 1760w\" sizes=\"auto, (max-width: 1024px) 100vw, 1024px\" \/><figcaption>Republi\u0161ka kinolo\u0161ka tekma brez jazbe\u010darjev po krvni sledi, oktober 2003<\/figcaption><\/figure>\n<\/div>\n\n\n\n<div class=\"wp-block-column is-layout-flow wp-block-column-is-layout-flow\">\n<figure class=\"wp-block-image size-large\"><img loading=\"lazy\" decoding=\"async\" width=\"1024\" height=\"672\" src=\"https:\/\/ldziri.si\/wp-content\/uploads\/2022\/05\/28_1-1024x672.jpg\" alt=\"\" class=\"wp-image-818\" srcset=\"https:\/\/ldziri.si\/wp-content\/uploads\/2022\/05\/28_1-1024x672.jpg 1024w, https:\/\/ldziri.si\/wp-content\/uploads\/2022\/05\/28_1-300x197.jpg 300w, https:\/\/ldziri.si\/wp-content\/uploads\/2022\/05\/28_1-768x504.jpg 768w, https:\/\/ldziri.si\/wp-content\/uploads\/2022\/05\/28_1-1536x1008.jpg 1536w, https:\/\/ldziri.si\/wp-content\/uploads\/2022\/05\/28_1.jpg 1732w\" sizes=\"auto, (max-width: 1024px) 100vw, 1024px\" \/><figcaption>Republi\u0161ka kinolo\u0161ka tekma brez jazbe\u010darjev po krvni sledi, oktober 2003<\/figcaption><\/figure>\n<\/div>\n<\/div>\n\n\n\n<div class=\"wp-block-columns is-layout-flex wp-container-core-columns-is-layout-8f761849 wp-block-columns-is-layout-flex\">\n<div class=\"wp-block-column is-layout-flow wp-block-column-is-layout-flow\">\n<figure class=\"wp-block-image size-large\"><img loading=\"lazy\" decoding=\"async\" width=\"1024\" height=\"680\" src=\"https:\/\/ldziri.si\/wp-content\/uploads\/2022\/05\/34_1_8x-1024x680.jpg\" alt=\"\" class=\"wp-image-819\" srcset=\"https:\/\/ldziri.si\/wp-content\/uploads\/2022\/05\/34_1_8x-1024x680.jpg 1024w, https:\/\/ldziri.si\/wp-content\/uploads\/2022\/05\/34_1_8x-300x199.jpg 300w, https:\/\/ldziri.si\/wp-content\/uploads\/2022\/05\/34_1_8x-768x510.jpg 768w, https:\/\/ldziri.si\/wp-content\/uploads\/2022\/05\/34_1_8x-1536x1020.jpg 1536w, https:\/\/ldziri.si\/wp-content\/uploads\/2022\/05\/34_1_8x.jpg 1768w\" sizes=\"auto, (max-width: 1024px) 100vw, 1024px\" \/><figcaption>2015<\/figcaption><\/figure>\n<\/div>\n\n\n\n<div class=\"wp-block-column is-layout-flow wp-block-column-is-layout-flow\">\n<figure class=\"wp-block-image size-full\"><img loading=\"lazy\" decoding=\"async\" width=\"777\" height=\"544\" src=\"https:\/\/ldziri.si\/wp-content\/uploads\/2022\/05\/slika2.jpg\" alt=\"\" class=\"wp-image-776\" srcset=\"https:\/\/ldziri.si\/wp-content\/uploads\/2022\/05\/slika2.jpg 777w, https:\/\/ldziri.si\/wp-content\/uploads\/2022\/05\/slika2-300x210.jpg 300w, https:\/\/ldziri.si\/wp-content\/uploads\/2022\/05\/slika2-768x538.jpg 768w\" sizes=\"auto, (max-width: 777px) 100vw, 777px\" \/><figcaption>2021<\/figcaption><\/figure>\n<\/div>\n<\/div>\n\n\n\n<div class=\"wp-block-columns is-layout-flex wp-container-core-columns-is-layout-8f761849 wp-block-columns-is-layout-flex\">\n<div class=\"wp-block-column is-layout-flow wp-block-column-is-layout-flow\">\n<figure class=\"wp-block-image size-full\"><img loading=\"lazy\" decoding=\"async\" width=\"677\" height=\"476\" src=\"https:\/\/ldziri.si\/wp-content\/uploads\/2022\/05\/slika1.jpg\" alt=\"\" class=\"wp-image-820\" srcset=\"https:\/\/ldziri.si\/wp-content\/uploads\/2022\/05\/slika1.jpg 677w, https:\/\/ldziri.si\/wp-content\/uploads\/2022\/05\/slika1-300x211.jpg 300w\" sizes=\"auto, (max-width: 677px) 100vw, 677px\" \/><figcaption>2021<\/figcaption><\/figure>\n<\/div>\n\n\n\n<div class=\"wp-block-column is-layout-flow wp-block-column-is-layout-flow\"><\/div>\n<\/div>\n","protected":false},"excerpt":{"rendered":"<p>Kinologija<\/p>\n","protected":false},"author":1,"featured_media":0,"parent":0,"menu_order":0,"comment_status":"closed","ping_status":"closed","template":"","meta":{"_crdt_document":"","_kadence_starter_templates_imported_post":false,"_kad_post_transparent":"","_kad_post_title":"","_kad_post_layout":"","_kad_post_sidebar_id":"","_kad_post_content_style":"","_kad_post_vertical_padding":"","_kad_post_feature":"","_kad_post_feature_position":"","_kad_post_header":false,"_kad_post_footer":false,"footnotes":""},"class_list":["post-816","page","type-page","status-publish","hentry"],"yoast_head":"<!-- This site is optimized with the Yoast SEO plugin v27.6 - https:\/\/yoast.com\/product\/yoast-seo-wordpress\/ -->\n<title>Galerija - Kinologija - Lovska dru\u017eina \u017diri<\/title>\n<meta name=\"robots\" content=\"index, follow, max-snippet:-1, max-image-preview:large, max-video-preview:-1\" \/>\n<link rel=\"canonical\" href=\"https:\/\/ldziri.si\/?page_id=816\" \/>\n<meta property=\"og:locale\" content=\"en_US\" \/>\n<meta property=\"og:type\" content=\"article\" \/>\n<meta property=\"og:title\" content=\"Galerija - Kinologija - Lovska dru\u017eina \u017diri\" \/>\n<meta property=\"og:description\" content=\"Kinologija\" \/>\n<meta property=\"og:url\" content=\"https:\/\/ldziri.si\/?page_id=816\" \/>\n<meta property=\"og:site_name\" content=\"Lovska dru\u017eina \u017diri\" \/>\n<meta property=\"article:modified_time\" content=\"2022-05-29T13:51:30+00:00\" \/>\n<meta property=\"og:image\" content=\"https:\/\/ldziri.si\/wp-content\/uploads\/2022\/05\/27_2-1024x678.jpg\" \/>\n<meta name=\"twitter:card\" content=\"summary_large_image\" \/>\n<meta name=\"twitter:label1\" content=\"Est. reading time\" \/>\n\t<meta name=\"twitter:data1\" content=\"2 minutes\" \/>\n<script type=\"application\/ld+json\" class=\"yoast-schema-graph\">{\"@context\":\"https:\\\/\\\/schema.org\",\"@graph\":[{\"@type\":\"WebPage\",\"@id\":\"https:\\\/\\\/ldziri.si\\\/?page_id=816\",\"url\":\"https:\\\/\\\/ldziri.si\\\/?page_id=816\",\"name\":\"Galerija - Kinologija - Lovska dru\u017eina \u017diri\",\"isPartOf\":{\"@id\":\"https:\\\/\\\/ldziri.si\\\/#website\"},\"primaryImageOfPage\":{\"@id\":\"https:\\\/\\\/ldziri.si\\\/?page_id=816#primaryimage\"},\"image\":{\"@id\":\"https:\\\/\\\/ldziri.si\\\/?page_id=816#primaryimage\"},\"thumbnailUrl\":\"https:\\\/\\\/ldziri.si\\\/wp-content\\\/uploads\\\/2022\\\/05\\\/27_2-1024x678.jpg\",\"datePublished\":\"2022-05-29T13:51:29+00:00\",\"dateModified\":\"2022-05-29T13:51:30+00:00\",\"breadcrumb\":{\"@id\":\"https:\\\/\\\/ldziri.si\\\/?page_id=816#breadcrumb\"},\"inLanguage\":\"en-US\",\"potentialAction\":[{\"@type\":\"ReadAction\",\"target\":[\"https:\\\/\\\/ldziri.si\\\/?page_id=816\"]}]},{\"@type\":\"ImageObject\",\"inLanguage\":\"en-US\",\"@id\":\"https:\\\/\\\/ldziri.si\\\/?page_id=816#primaryimage\",\"url\":\"https:\\\/\\\/ldziri.si\\\/wp-content\\\/uploads\\\/2022\\\/05\\\/27_2.jpg\",\"contentUrl\":\"https:\\\/\\\/ldziri.si\\\/wp-content\\\/uploads\\\/2022\\\/05\\\/27_2.jpg\",\"width\":1760,\"height\":1165},{\"@type\":\"BreadcrumbList\",\"@id\":\"https:\\\/\\\/ldziri.si\\\/?page_id=816#breadcrumb\",\"itemListElement\":[{\"@type\":\"ListItem\",\"position\":1,\"name\":\"Home\",\"item\":\"https:\\\/\\\/ldziri.si\\\/\"},{\"@type\":\"ListItem\",\"position\":2,\"name\":\"Galerija &#8211; Kinologija\"}]},{\"@type\":\"WebSite\",\"@id\":\"https:\\\/\\\/ldziri.si\\\/#website\",\"url\":\"https:\\\/\\\/ldziri.si\\\/\",\"name\":\"Lovska dru\u017eina \u017diri\",\"description\":\"Lovska dru\u017eina \u017diri\",\"publisher\":{\"@id\":\"https:\\\/\\\/ldziri.si\\\/#organization\"},\"potentialAction\":[{\"@type\":\"SearchAction\",\"target\":{\"@type\":\"EntryPoint\",\"urlTemplate\":\"https:\\\/\\\/ldziri.si\\\/?s={search_term_string}\"},\"query-input\":{\"@type\":\"PropertyValueSpecification\",\"valueRequired\":true,\"valueName\":\"search_term_string\"}}],\"inLanguage\":\"en-US\"},{\"@type\":\"Organization\",\"@id\":\"https:\\\/\\\/ldziri.si\\\/#organization\",\"name\":\"Lovska dru\u017eina \u017diri\",\"url\":\"https:\\\/\\\/ldziri.si\\\/\",\"logo\":{\"@type\":\"ImageObject\",\"inLanguage\":\"en-US\",\"@id\":\"https:\\\/\\\/ldziri.si\\\/#\\\/schema\\\/logo\\\/image\\\/\",\"url\":\"https:\\\/\\\/ldziri.si\\\/wp-content\\\/uploads\\\/2021\\\/12\\\/cropped-cropped-LogotipLDZiri.jpg\",\"contentUrl\":\"https:\\\/\\\/ldziri.si\\\/wp-content\\\/uploads\\\/2021\\\/12\\\/cropped-cropped-LogotipLDZiri.jpg\",\"width\":39,\"height\":50,\"caption\":\"Lovska dru\u017eina \u017diri\"},\"image\":{\"@id\":\"https:\\\/\\\/ldziri.si\\\/#\\\/schema\\\/logo\\\/image\\\/\"}}]}<\/script>\n<!-- \/ Yoast SEO plugin. -->","yoast_head_json":{"title":"Galerija - Kinologija - Lovska dru\u017eina \u017diri","robots":{"index":"index","follow":"follow","max-snippet":"max-snippet:-1","max-image-preview":"max-image-preview:large","max-video-preview":"max-video-preview:-1"},"canonical":"https:\/\/ldziri.si\/?page_id=816","og_locale":"en_US","og_type":"article","og_title":"Galerija - Kinologija - Lovska dru\u017eina \u017diri","og_description":"Kinologija","og_url":"https:\/\/ldziri.si\/?page_id=816","og_site_name":"Lovska dru\u017eina \u017diri","article_modified_time":"2022-05-29T13:51:30+00:00","og_image":[{"url":"https:\/\/ldziri.si\/wp-content\/uploads\/2022\/05\/27_2-1024x678.jpg","type":"","width":"","height":""}],"twitter_card":"summary_large_image","twitter_misc":{"Est. reading time":"2 minutes"},"schema":{"@context":"https:\/\/schema.org","@graph":[{"@type":"WebPage","@id":"https:\/\/ldziri.si\/?page_id=816","url":"https:\/\/ldziri.si\/?page_id=816","name":"Galerija - Kinologija - Lovska dru\u017eina \u017diri","isPartOf":{"@id":"https:\/\/ldziri.si\/#website"},"primaryImageOfPage":{"@id":"https:\/\/ldziri.si\/?page_id=816#primaryimage"},"image":{"@id":"https:\/\/ldziri.si\/?page_id=816#primaryimage"},"thumbnailUrl":"https:\/\/ldziri.si\/wp-content\/uploads\/2022\/05\/27_2-1024x678.jpg","datePublished":"2022-05-29T13:51:29+00:00","dateModified":"2022-05-29T13:51:30+00:00","breadcrumb":{"@id":"https:\/\/ldziri.si\/?page_id=816#breadcrumb"},"inLanguage":"en-US","potentialAction":[{"@type":"ReadAction","target":["https:\/\/ldziri.si\/?page_id=816"]}]},{"@type":"ImageObject","inLanguage":"en-US","@id":"https:\/\/ldziri.si\/?page_id=816#primaryimage","url":"https:\/\/ldziri.si\/wp-content\/uploads\/2022\/05\/27_2.jpg","contentUrl":"https:\/\/ldziri.si\/wp-content\/uploads\/2022\/05\/27_2.jpg","width":1760,"height":1165},{"@type":"BreadcrumbList","@id":"https:\/\/ldziri.si\/?page_id=816#breadcrumb","itemListElement":[{"@type":"ListItem","position":1,"name":"Home","item":"https:\/\/ldziri.si\/"},{"@type":"ListItem","position":2,"name":"Galerija &#8211; Kinologija"}]},{"@type":"WebSite","@id":"https:\/\/ldziri.si\/#website","url":"https:\/\/ldziri.si\/","name":"Lovska dru\u017eina \u017diri","description":"Lovska dru\u017eina \u017diri","publisher":{"@id":"https:\/\/ldziri.si\/#organization"},"potentialAction":[{"@type":"SearchAction","target":{"@type":"EntryPoint","urlTemplate":"https:\/\/ldziri.si\/?s={search_term_string}"},"query-input":{"@type":"PropertyValueSpecification","valueRequired":true,"valueName":"search_term_string"}}],"inLanguage":"en-US"},{"@type":"Organization","@id":"https:\/\/ldziri.si\/#organization","name":"Lovska dru\u017eina \u017diri","url":"https:\/\/ldziri.si\/","logo":{"@type":"ImageObject","inLanguage":"en-US","@id":"https:\/\/ldziri.si\/#\/schema\/logo\/image\/","url":"https:\/\/ldziri.si\/wp-content\/uploads\/2021\/12\/cropped-cropped-LogotipLDZiri.jpg","contentUrl":"https:\/\/ldziri.si\/wp-content\/uploads\/2021\/12\/cropped-cropped-LogotipLDZiri.jpg","width":39,"height":50,"caption":"Lovska dru\u017eina \u017diri"},"image":{"@id":"https:\/\/ldziri.si\/#\/schema\/logo\/image\/"}}]}},"_links":{"self":[{"href":"https:\/\/ldziri.si\/index.php?rest_route=\/wp\/v2\/pages\/816","targetHints":{"allow":["GET"]}}],"collection":[{"href":"https:\/\/ldziri.si\/index.php?rest_route=\/wp\/v2\/pages"}],"about":[{"href":"https:\/\/ldziri.si\/index.php?rest_route=\/wp\/v2\/types\/page"}],"author":[{"embeddable":true,"href":"https:\/\/ldziri.si\/index.php?rest_route=\/wp\/v2\/users\/1"}],"replies":[{"embeddable":true,"href":"https:\/\/ldziri.si\/index.php?rest_route=%2Fwp%2Fv2%2Fcomments&post=816"}],"version-history":[{"count":1,"href":"https:\/\/ldziri.si\/index.php?rest_route=\/wp\/v2\/pages\/816\/revisions"}],"predecessor-version":[{"id":822,"href":"https:\/\/ldziri.si\/index.php?rest_route=\/wp\/v2\/pages\/816\/revisions\/822"}],"wp:attachment":[{"href":"https:\/\/ldziri.si\/index.php?rest_route=%2Fwp%2Fv2%2Fmedia&parent=816"}],"curies":[{"name":"wp","href":"https:\/\/api.w.org\/{rel}","templated":true}]}}