{"id":836,"date":"2022-05-29T15:05:56","date_gmt":"2022-05-29T14:05:56","guid":{"rendered":"https:\/\/ldziri.si\/?page_id=836"},"modified":"2022-05-29T15:05:57","modified_gmt":"2022-05-29T14:05:57","slug":"galerija-mi-in-mladina","status":"publish","type":"page","link":"https:\/\/ldziri.si\/?page_id=836","title":{"rendered":"Galerija &#8211; Mi in mladina"},"content":{"rendered":"\n<h2 class=\"wp-block-heading\">Mi in mladina<\/h2>\n\n\n\n<div class=\"wp-block-columns is-layout-flex wp-container-core-columns-is-layout-8f761849 wp-block-columns-is-layout-flex\">\n<div class=\"wp-block-column is-layout-flow wp-block-column-is-layout-flow\">\n<figure class=\"wp-block-image size-large\"><img loading=\"lazy\" decoding=\"async\" width=\"1024\" height=\"697\" src=\"https:\/\/ldziri.si\/wp-content\/uploads\/2022\/05\/33_3-1-1024x697.jpg\" alt=\"\" class=\"wp-image-837\" srcset=\"https:\/\/ldziri.si\/wp-content\/uploads\/2022\/05\/33_3-1-1024x697.jpg 1024w, https:\/\/ldziri.si\/wp-content\/uploads\/2022\/05\/33_3-1-300x204.jpg 300w, https:\/\/ldziri.si\/wp-content\/uploads\/2022\/05\/33_3-1-768x523.jpg 768w, https:\/\/ldziri.si\/wp-content\/uploads\/2022\/05\/33_3-1-1536x1046.jpg 1536w, https:\/\/ldziri.si\/wp-content\/uploads\/2022\/05\/33_3-1.jpg 1588w\" sizes=\"auto, (max-width: 1024px) 100vw, 1024px\" \/><\/figure>\n<\/div>\n\n\n\n<div class=\"wp-block-column is-layout-flow wp-block-column-is-layout-flow\">\n<figure class=\"wp-block-image size-large\"><img loading=\"lazy\" decoding=\"async\" width=\"1024\" height=\"767\" src=\"https:\/\/ldziri.si\/wp-content\/uploads\/2022\/05\/33_2-1024x767.jpg\" alt=\"\" class=\"wp-image-838\" srcset=\"https:\/\/ldziri.si\/wp-content\/uploads\/2022\/05\/33_2-1024x767.jpg 1024w, https:\/\/ldziri.si\/wp-content\/uploads\/2022\/05\/33_2-300x225.jpg 300w, https:\/\/ldziri.si\/wp-content\/uploads\/2022\/05\/33_2-768x575.jpg 768w, https:\/\/ldziri.si\/wp-content\/uploads\/2022\/05\/33_2-1536x1150.jpg 1536w, https:\/\/ldziri.si\/wp-content\/uploads\/2022\/05\/33_2.jpg 1569w\" sizes=\"auto, (max-width: 1024px) 100vw, 1024px\" \/><\/figure>\n<\/div>\n<\/div>\n\n\n\n<div class=\"wp-block-columns is-layout-flex wp-container-core-columns-is-layout-8f761849 wp-block-columns-is-layout-flex\">\n<div class=\"wp-block-column is-layout-flow wp-block-column-is-layout-flow\">\n<figure class=\"wp-block-image size-large\"><img loading=\"lazy\" decoding=\"async\" width=\"1024\" height=\"765\" src=\"https:\/\/ldziri.si\/wp-content\/uploads\/2022\/05\/osnovna_sola_1_28x-1024x765.jpg\" alt=\"\" class=\"wp-image-839\" srcset=\"https:\/\/ldziri.si\/wp-content\/uploads\/2022\/05\/osnovna_sola_1_28x-1024x765.jpg 1024w, https:\/\/ldziri.si\/wp-content\/uploads\/2022\/05\/osnovna_sola_1_28x-300x224.jpg 300w, https:\/\/ldziri.si\/wp-content\/uploads\/2022\/05\/osnovna_sola_1_28x-768x574.jpg 768w, https:\/\/ldziri.si\/wp-content\/uploads\/2022\/05\/osnovna_sola_1_28x-1536x1147.jpg 1536w, https:\/\/ldziri.si\/wp-content\/uploads\/2022\/05\/osnovna_sola_1_28x.jpg 1588w\" sizes=\"auto, (max-width: 1024px) 100vw, 1024px\" \/><\/figure>\n<\/div>\n\n\n\n<div class=\"wp-block-column is-layout-flow wp-block-column-is-layout-flow\">\n<figure class=\"wp-block-image size-large\"><img loading=\"lazy\" decoding=\"async\" width=\"1024\" height=\"765\" src=\"https:\/\/ldziri.si\/wp-content\/uploads\/2022\/05\/osnovna_sola_2_28x-1024x765.jpg\" alt=\"\" class=\"wp-image-840\" srcset=\"https:\/\/ldziri.si\/wp-content\/uploads\/2022\/05\/osnovna_sola_2_28x-1024x765.jpg 1024w, https:\/\/ldziri.si\/wp-content\/uploads\/2022\/05\/osnovna_sola_2_28x-300x224.jpg 300w, https:\/\/ldziri.si\/wp-content\/uploads\/2022\/05\/osnovna_sola_2_28x-768x574.jpg 768w, https:\/\/ldziri.si\/wp-content\/uploads\/2022\/05\/osnovna_sola_2_28x-1536x1148.jpg 1536w, https:\/\/ldziri.si\/wp-content\/uploads\/2022\/05\/osnovna_sola_2_28x.jpg 1590w\" sizes=\"auto, (max-width: 1024px) 100vw, 1024px\" \/><\/figure>\n<\/div>\n<\/div>\n","protected":false},"excerpt":{"rendered":"<p>Mi in mladina<\/p>\n","protected":false},"author":1,"featured_media":0,"parent":0,"menu_order":0,"comment_status":"closed","ping_status":"closed","template":"","meta":{"_crdt_document":"","_kadence_starter_templates_imported_post":false,"_kad_post_transparent":"","_kad_post_title":"","_kad_post_layout":"","_kad_post_sidebar_id":"","_kad_post_content_style":"","_kad_post_vertical_padding":"","_kad_post_feature":"","_kad_post_feature_position":"","_kad_post_header":false,"_kad_post_footer":false,"footnotes":""},"class_list":["post-836","page","type-page","status-publish","hentry"],"yoast_head":"<!-- This site is optimized with the Yoast SEO plugin v27.6 - https:\/\/yoast.com\/product\/yoast-seo-wordpress\/ -->\n<title>Galerija - Mi in mladina - Lovska dru\u017eina \u017diri<\/title>\n<meta name=\"robots\" content=\"index, follow, max-snippet:-1, max-image-preview:large, max-video-preview:-1\" \/>\n<link rel=\"canonical\" href=\"https:\/\/ldziri.si\/?page_id=836\" \/>\n<meta property=\"og:locale\" content=\"en_US\" \/>\n<meta property=\"og:type\" content=\"article\" \/>\n<meta property=\"og:title\" content=\"Galerija - Mi in mladina - Lovska dru\u017eina \u017diri\" \/>\n<meta property=\"og:description\" content=\"Mi in mladina\" \/>\n<meta property=\"og:url\" content=\"https:\/\/ldziri.si\/?page_id=836\" \/>\n<meta property=\"og:site_name\" content=\"Lovska dru\u017eina \u017diri\" \/>\n<meta property=\"article:modified_time\" content=\"2022-05-29T14:05:57+00:00\" \/>\n<meta property=\"og:image\" content=\"https:\/\/ldziri.si\/wp-content\/uploads\/2022\/05\/33_3-1-1024x697.jpg\" \/>\n<meta name=\"twitter:card\" content=\"summary_large_image\" \/>\n<meta name=\"twitter:label1\" content=\"Est. reading time\" \/>\n\t<meta name=\"twitter:data1\" content=\"1 minute\" \/>\n<script type=\"application\/ld+json\" class=\"yoast-schema-graph\">{\"@context\":\"https:\\\/\\\/schema.org\",\"@graph\":[{\"@type\":\"WebPage\",\"@id\":\"https:\\\/\\\/ldziri.si\\\/?page_id=836\",\"url\":\"https:\\\/\\\/ldziri.si\\\/?page_id=836\",\"name\":\"Galerija - Mi in mladina - Lovska dru\u017eina \u017diri\",\"isPartOf\":{\"@id\":\"https:\\\/\\\/ldziri.si\\\/#website\"},\"primaryImageOfPage\":{\"@id\":\"https:\\\/\\\/ldziri.si\\\/?page_id=836#primaryimage\"},\"image\":{\"@id\":\"https:\\\/\\\/ldziri.si\\\/?page_id=836#primaryimage\"},\"thumbnailUrl\":\"https:\\\/\\\/ldziri.si\\\/wp-content\\\/uploads\\\/2022\\\/05\\\/33_3-1-1024x697.jpg\",\"datePublished\":\"2022-05-29T14:05:56+00:00\",\"dateModified\":\"2022-05-29T14:05:57+00:00\",\"breadcrumb\":{\"@id\":\"https:\\\/\\\/ldziri.si\\\/?page_id=836#breadcrumb\"},\"inLanguage\":\"en-US\",\"potentialAction\":[{\"@type\":\"ReadAction\",\"target\":[\"https:\\\/\\\/ldziri.si\\\/?page_id=836\"]}]},{\"@type\":\"ImageObject\",\"inLanguage\":\"en-US\",\"@id\":\"https:\\\/\\\/ldziri.si\\\/?page_id=836#primaryimage\",\"url\":\"https:\\\/\\\/ldziri.si\\\/wp-content\\\/uploads\\\/2022\\\/05\\\/33_3-1.jpg\",\"contentUrl\":\"https:\\\/\\\/ldziri.si\\\/wp-content\\\/uploads\\\/2022\\\/05\\\/33_3-1.jpg\",\"width\":1588,\"height\":1081},{\"@type\":\"BreadcrumbList\",\"@id\":\"https:\\\/\\\/ldziri.si\\\/?page_id=836#breadcrumb\",\"itemListElement\":[{\"@type\":\"ListItem\",\"position\":1,\"name\":\"Home\",\"item\":\"https:\\\/\\\/ldziri.si\\\/\"},{\"@type\":\"ListItem\",\"position\":2,\"name\":\"Galerija &#8211; Mi in mladina\"}]},{\"@type\":\"WebSite\",\"@id\":\"https:\\\/\\\/ldziri.si\\\/#website\",\"url\":\"https:\\\/\\\/ldziri.si\\\/\",\"name\":\"Lovska dru\u017eina \u017diri\",\"description\":\"Lovska dru\u017eina \u017diri\",\"publisher\":{\"@id\":\"https:\\\/\\\/ldziri.si\\\/#organization\"},\"potentialAction\":[{\"@type\":\"SearchAction\",\"target\":{\"@type\":\"EntryPoint\",\"urlTemplate\":\"https:\\\/\\\/ldziri.si\\\/?s={search_term_string}\"},\"query-input\":{\"@type\":\"PropertyValueSpecification\",\"valueRequired\":true,\"valueName\":\"search_term_string\"}}],\"inLanguage\":\"en-US\"},{\"@type\":\"Organization\",\"@id\":\"https:\\\/\\\/ldziri.si\\\/#organization\",\"name\":\"Lovska dru\u017eina \u017diri\",\"url\":\"https:\\\/\\\/ldziri.si\\\/\",\"logo\":{\"@type\":\"ImageObject\",\"inLanguage\":\"en-US\",\"@id\":\"https:\\\/\\\/ldziri.si\\\/#\\\/schema\\\/logo\\\/image\\\/\",\"url\":\"https:\\\/\\\/ldziri.si\\\/wp-content\\\/uploads\\\/2021\\\/12\\\/cropped-cropped-LogotipLDZiri.jpg\",\"contentUrl\":\"https:\\\/\\\/ldziri.si\\\/wp-content\\\/uploads\\\/2021\\\/12\\\/cropped-cropped-LogotipLDZiri.jpg\",\"width\":39,\"height\":50,\"caption\":\"Lovska dru\u017eina \u017diri\"},\"image\":{\"@id\":\"https:\\\/\\\/ldziri.si\\\/#\\\/schema\\\/logo\\\/image\\\/\"}}]}<\/script>\n<!-- \/ Yoast SEO plugin. -->","yoast_head_json":{"title":"Galerija - Mi in mladina - Lovska dru\u017eina \u017diri","robots":{"index":"index","follow":"follow","max-snippet":"max-snippet:-1","max-image-preview":"max-image-preview:large","max-video-preview":"max-video-preview:-1"},"canonical":"https:\/\/ldziri.si\/?page_id=836","og_locale":"en_US","og_type":"article","og_title":"Galerija - Mi in mladina - Lovska dru\u017eina \u017diri","og_description":"Mi in mladina","og_url":"https:\/\/ldziri.si\/?page_id=836","og_site_name":"Lovska dru\u017eina \u017diri","article_modified_time":"2022-05-29T14:05:57+00:00","og_image":[{"url":"https:\/\/ldziri.si\/wp-content\/uploads\/2022\/05\/33_3-1-1024x697.jpg","type":"","width":"","height":""}],"twitter_card":"summary_large_image","twitter_misc":{"Est. reading time":"1 minute"},"schema":{"@context":"https:\/\/schema.org","@graph":[{"@type":"WebPage","@id":"https:\/\/ldziri.si\/?page_id=836","url":"https:\/\/ldziri.si\/?page_id=836","name":"Galerija - Mi in mladina - Lovska dru\u017eina \u017diri","isPartOf":{"@id":"https:\/\/ldziri.si\/#website"},"primaryImageOfPage":{"@id":"https:\/\/ldziri.si\/?page_id=836#primaryimage"},"image":{"@id":"https:\/\/ldziri.si\/?page_id=836#primaryimage"},"thumbnailUrl":"https:\/\/ldziri.si\/wp-content\/uploads\/2022\/05\/33_3-1-1024x697.jpg","datePublished":"2022-05-29T14:05:56+00:00","dateModified":"2022-05-29T14:05:57+00:00","breadcrumb":{"@id":"https:\/\/ldziri.si\/?page_id=836#breadcrumb"},"inLanguage":"en-US","potentialAction":[{"@type":"ReadAction","target":["https:\/\/ldziri.si\/?page_id=836"]}]},{"@type":"ImageObject","inLanguage":"en-US","@id":"https:\/\/ldziri.si\/?page_id=836#primaryimage","url":"https:\/\/ldziri.si\/wp-content\/uploads\/2022\/05\/33_3-1.jpg","contentUrl":"https:\/\/ldziri.si\/wp-content\/uploads\/2022\/05\/33_3-1.jpg","width":1588,"height":1081},{"@type":"BreadcrumbList","@id":"https:\/\/ldziri.si\/?page_id=836#breadcrumb","itemListElement":[{"@type":"ListItem","position":1,"name":"Home","item":"https:\/\/ldziri.si\/"},{"@type":"ListItem","position":2,"name":"Galerija &#8211; Mi in mladina"}]},{"@type":"WebSite","@id":"https:\/\/ldziri.si\/#website","url":"https:\/\/ldziri.si\/","name":"Lovska dru\u017eina \u017diri","description":"Lovska dru\u017eina \u017diri","publisher":{"@id":"https:\/\/ldziri.si\/#organization"},"potentialAction":[{"@type":"SearchAction","target":{"@type":"EntryPoint","urlTemplate":"https:\/\/ldziri.si\/?s={search_term_string}"},"query-input":{"@type":"PropertyValueSpecification","valueRequired":true,"valueName":"search_term_string"}}],"inLanguage":"en-US"},{"@type":"Organization","@id":"https:\/\/ldziri.si\/#organization","name":"Lovska dru\u017eina \u017diri","url":"https:\/\/ldziri.si\/","logo":{"@type":"ImageObject","inLanguage":"en-US","@id":"https:\/\/ldziri.si\/#\/schema\/logo\/image\/","url":"https:\/\/ldziri.si\/wp-content\/uploads\/2021\/12\/cropped-cropped-LogotipLDZiri.jpg","contentUrl":"https:\/\/ldziri.si\/wp-content\/uploads\/2021\/12\/cropped-cropped-LogotipLDZiri.jpg","width":39,"height":50,"caption":"Lovska dru\u017eina \u017diri"},"image":{"@id":"https:\/\/ldziri.si\/#\/schema\/logo\/image\/"}}]}},"_links":{"self":[{"href":"https:\/\/ldziri.si\/index.php?rest_route=\/wp\/v2\/pages\/836","targetHints":{"allow":["GET"]}}],"collection":[{"href":"https:\/\/ldziri.si\/index.php?rest_route=\/wp\/v2\/pages"}],"about":[{"href":"https:\/\/ldziri.si\/index.php?rest_route=\/wp\/v2\/types\/page"}],"author":[{"embeddable":true,"href":"https:\/\/ldziri.si\/index.php?rest_route=\/wp\/v2\/users\/1"}],"replies":[{"embeddable":true,"href":"https:\/\/ldziri.si\/index.php?rest_route=%2Fwp%2Fv2%2Fcomments&post=836"}],"version-history":[{"count":1,"href":"https:\/\/ldziri.si\/index.php?rest_route=\/wp\/v2\/pages\/836\/revisions"}],"predecessor-version":[{"id":842,"href":"https:\/\/ldziri.si\/index.php?rest_route=\/wp\/v2\/pages\/836\/revisions\/842"}],"wp:attachment":[{"href":"https:\/\/ldziri.si\/index.php?rest_route=%2Fwp%2Fv2%2Fmedia&parent=836"}],"curies":[{"name":"wp","href":"https:\/\/api.w.org\/{rel}","templated":true}]}}